{"id":930,"date":"2016-05-16T08:15:31","date_gmt":"2016-05-16T08:15:31","guid":{"rendered":"http:\/\/wp.magnium-themes.com\/thebuilt\/thebuilt-5\/?page_id=930"},"modified":"2022-02-08T10:40:10","modified_gmt":"2022-02-08T09:40:10","slug":"qui-sommes-nous","status":"publish","type":"page","link":"https:\/\/sia-sarl.com\/index.php\/qui-sommes-nous\/","title":{"rendered":"QUI SOMMES-NOUS ?"},"content":{"rendered":"<p>[vc_row equal_height=\u00a0\u00bbyes\u00a0\u00bb css=\u00a0\u00bb.vc_custom_1463480619661{margin-bottom: 10px !important;}\u00a0\u00bb][vc_column width=\u00a0\u00bb1\/3&Prime; css=\u00a0\u00bb.vc_custom_1459186986556{margin-right: 0px !important;padding-right: 0px !important;}\u00a0\u00bb][vc_single_image image=\u00a0\u00bb3869&Prime; img_size=\u00a0\u00bbfull\u00a0\u00bb css_animation=\u00a0\u00bbleft-to-right\u00a0\u00bb][\/vc_column][vc_column width=\u00a0\u00bb2\/3&Prime; css=\u00a0\u00bb.vc_custom_1639138325828{margin-left: 0px !important;padding-left: 20px !important;}\u00a0\u00bb][vc_column_text css_animation=\u00a0\u00bbleft-to-right\u00a0\u00bb]<\/p>\n<h3 style=\"text-align: justify;\">QUI SOMMES-NOUS ?<\/h3>\n<p style=\"text-align: justify; line-height: 1.7em;\">La SOCIETE D\u2019INGENIERIE EN AFRIQUE (SIA) est d\u00e9ploy\u00e9e sur toute l\u2019\u00e9tendue du territoire ivoirien avec une \u00e9quipe implant\u00e9e un peu partout, facilitant un meilleur rendement de nos activit\u00e9s. SIA envisage se donner les moyens d\u2019aller \u00e0 la conqu\u00eate de l\u2019Afrique en s\u2019appuyant sur son exp\u00e9rience dans la gestion de projets d\u2019envergure.<\/p>\n<p style=\"text-align: justify; line-height: 1.7em;\">Toujours dans la qu\u00eate perp\u00e9tuelle de la satisfaction du client et des fournisseurs, les atouts commerciaux en mati\u00e8re de d\u00e9marche qualit\u00e9 chez SIA se basent essentiellement sur son acharnement \u00e0 travailler de fa\u00e7on professionnelle gr\u00e2ce \u00e0 son personnel qualifi\u00e9 et exp\u00e9riment\u00e9 ainsi que sa capacit\u00e9 \u00e0 gagner des march\u00e9s gr\u00e2ce \u00e0 l\u2019exp\u00e9rience et l\u2019expertise acquises du fait des projets d\u00e9j\u00e0 r\u00e9alis\u00e9s ainsi qu\u2019une solide capacit\u00e9 financi\u00e8re.<\/p>\n<p style=\"text-align: justify; line-height: 1.7em;\">Notre organisation, favorise la prise de d\u00e9cisions rapides, nous sommes flexibles et agiles et sommes constamment \u00e0 la recherche de la qualit\u00e9 et de l\u2019innovation.<\/p>\n<p>[\/vc_column_text][\/vc_column][\/vc_row][vc_row css=\u00a0\u00bb.vc_custom_1463480548872{margin-bottom: 0px !important;padding-bottom: 0px !important;}\u00a0\u00bb][vc_column][vc_separator css=\u00a0\u00bb.vc_custom_1463481153700{margin-bottom: 0px !important;padding-bottom: 0px !important;}\u00a0\u00bb][\/vc_column][\/vc_row][vc_row full_width=\u00a0\u00bbstretch_row\u00a0\u00bb][vc_column]<div class=\"mgt-header-block clearfix text-left text-black wpb_content_element  mgt-header-block-style-1 mgt-header-texttransform-header \"><h2 class=\"mgt-header-block-title\">AU C\u0152UR DE SIA<\/h2><div class=\"mgt-header-line\"><\/div><\/div>[\/vc_column][\/vc_row][vc_row css=\u00a0\u00bb.vc_custom_1463402584349{padding-bottom: 50px !important;}\u00a0\u00bb][vc_column width=\u00a0\u00bb1\/3&Prime;]<style scoped='scoped'>.mgt-promo-block-80547717587.mgt-promo-block.animated:hover .mgt-promo-block-content {background-color: rgba(0,0,0,0.5)!important;}<\/style><a class=\"mgt-promo-block-link\" href=\"http:\/\/sia-sarl.com\/index.php\/historique\/\"><div class=\"mgt-promo-block animated white-text cover-image text-size-normal no-darken mgt-promo-block-80547717587 wpb_content_element\" data-style=\"background-image: url(https:\/\/sia-sarl.com\/wp-content\/uploads\/2022\/02\/IMAGES-02-_NOTRE-HISTOIRE.jpg);background-repeat: no-repeat;width: 100%; height: 350px;\"><div class=\"mgt-promo-block-content\"><div class=\"mgt-promo-block-content-inside\"><\/div><\/div><\/div><\/a>[vc_empty_space height=\u00a0\u00bb10px\u00a0\u00bb][vc_column_text css_animation=\u00a0\u00bbleft-to-right\u00a0\u00bb]<\/p>\n<h3 style=\"text-align: justify;\">NOTRE HISTOIRE<\/h3>\n<p style=\"text-align: justify;\">Apr\u00e8s l\u2019achat de sa premi\u00e8re maison, Monsieur AKE se lance dans l\u2019\u00e9tude pour la modification de celle-ci&#8230;Quelques ann\u00e9es apr\u00e8s, la passion des BTP prend le dessus entrainant la cr\u00e9ation de SIA.<\/p>\n<p>[\/vc_column_text]<div class=\"mgt-button-wrapper mgt-button-wrapper-align-left mgt-button-wrapper-display-newline mgt-button-top-margin-disable\"><a class=\"btn hvr-icon-wobble-horizontal mgt-button mgt-style-solid mgt-size-small mgt-align-left mgt-display-newline mgt-text-size-small mgt-button-icon-position-right mgt-text-transform-uppercase  wpb_animate_when_almost_visible wpb_left-to-right\" href=\"http:\/\/sia-sarl.com\/index.php\/historique\/\">En savoir plus<i class=\"fa fa-arrow-right\"><\/i><\/a><\/div>[\/vc_column][vc_column width=\u00a0\u00bb1\/3&Prime;]<style scoped='scoped'>.mgt-promo-block-80547717587.mgt-promo-block.animated:hover .mgt-promo-block-content {background-color: rgba(0,0,0,0.5)!important;}<\/style><a class=\"mgt-promo-block-link\" href=\"http:\/\/sia-sarl.com\/index.php\/equipe-de-travail\/\"><div class=\"mgt-promo-block animated white-text cover-image text-size-normal no-darken mgt-promo-block-80547717587 wpb_content_element\" data-style=\"background-image: url(https:\/\/sia-sarl.com\/wp-content\/uploads\/2022\/02\/IMAGES-03-_NOS-EQUIPES.jpg);background-repeat: no-repeat;width: 100%; height: 350px;\"><div class=\"mgt-promo-block-content\"><div class=\"mgt-promo-block-content-inside\"><\/div><\/div><\/div><\/a>[vc_empty_space height=\u00a0\u00bb10px\u00a0\u00bb][vc_column_text css_animation=\u00a0\u00bbleft-to-right\u00a0\u00bb]<\/p>\n<h3>NOS EQUIPES<\/h3>\n<p style=\"text-align: justify;\">Nos \u00e9quipes ont l\u2019exp\u00e9rience dans la gestion de projets d\u2019envergure et notre organisation, favorise la prise de d\u00e9cisions rapides et efficaces. Nous sommes flexibles et sommes constamment en qu\u00eate de qualit\u00e9 et d\u2019innovation.<\/p>\n<p>[\/vc_column_text]<div class=\"mgt-button-wrapper mgt-button-wrapper-align-left mgt-button-wrapper-display-newline mgt-button-top-margin-disable\"><a class=\"btn hvr-icon-wobble-horizontal mgt-button mgt-style-solid mgt-size-small mgt-align-left mgt-display-newline mgt-text-size-small mgt-button-icon-position-right mgt-text-transform-uppercase  wpb_animate_when_almost_visible wpb_left-to-right\" href=\"http:\/\/sia-sarl.com\/index.php\/equipe-de-travail\/\">En savoir plus<i class=\"fa fa-arrow-right\"><\/i><\/a><\/div>[\/vc_column][vc_column width=\u00a0\u00bb1\/3&Prime;]<style scoped='scoped'>.mgt-promo-block-80547717587.mgt-promo-block.animated:hover .mgt-promo-block-content {background-color: rgba(0,0,0,0.5)!important;}<\/style><a class=\"mgt-promo-block-link\" href=\"http:\/\/sia-sarl.com\/index.php\/valeurs-fondamentales\/\"><div class=\"mgt-promo-block animated white-text cover-image text-size-normal no-darken mgt-promo-block-80547717587 wpb_content_element\" data-style=\"background-image: url(https:\/\/sia-sarl.com\/wp-content\/uploads\/2022\/02\/IMAGES-04-_NOS-VALEURS.jpg);background-repeat: no-repeat;width: 100%; height: 350px;\"><div class=\"mgt-promo-block-content\"><div class=\"mgt-promo-block-content-inside\"><\/div><\/div><\/div><\/a>[vc_empty_space height=\u00a0\u00bb10px\u00a0\u00bb][vc_column_text css_animation=\u00a0\u00bbleft-to-right\u00a0\u00bb]<\/p>\n<h3>NOS VALEURS<\/h3>\n<p style=\"text-align: justify;\">Les principes moraux, soci\u00e9taux sur lesquels nous nous basons pour \u00e9voluer et prendre nos d\u00e9cisions strat\u00e9giques sont guid\u00e9s par le respect pour les personnes et l\u2019environnement la passion pour la qualit\u00e9.<\/p>\n<p>[\/vc_column_text]<div class=\"mgt-button-wrapper mgt-button-wrapper-align-left mgt-button-wrapper-display-newline mgt-button-top-margin-disable\"><a class=\"btn hvr-icon-wobble-horizontal mgt-button mgt-style-solid mgt-size-small mgt-align-left mgt-display-newline mgt-text-size-small mgt-button-icon-position-right mgt-text-transform-uppercase  wpb_animate_when_almost_visible wpb_left-to-right\" href=\"http:\/\/sia-sarl.com\/index.php\/valeurs-fondamentales\/\">En savoir plus<i class=\"fa fa-arrow-right\"><\/i><\/a><\/div>[\/vc_column][\/vc_row][vc_row content_placement=\u00a0\u00bbmiddle\u00a0\u00bb css=\u00a0\u00bb.vc_custom_1643649395654{margin-right: 0px !important;margin-bottom: 10px !important;margin-left: 0px !important;padding-top: 0px !important;background-color: #f1f1f1 !important;}\u00a0\u00bb][vc_column css=\u00a0\u00bb.vc_custom_1463999384500{padding-right: 0px !important;padding-left: 0px !important;}\u00a0\u00bb]<div class=\"mgt-promo-block black-text text-size-normal no-darken mgt-promo-block-75700987093 wpb_content_element\" data-style=\"width: 100%; height: 340px;\"><div class=\"mgt-promo-block-content va-top\"><div class=\"mgt-promo-block-content-inside vc_custom_1643650463637\">\n<h3 style=\"text-align: justify\"><span style=\"color: #000000\">NOS ATOUTS<\/span><\/h3>\n<p style=\"font-size: 16px;text-align: justify\"><span style=\"color: #000000\">SIA combine connaissance du climat des affaires en Afrique et excellente compr\u00e9hension des opportunit\u00e9s pour aboutir \u00e0 des solutions innovantes, sources de diff\u00e9renciation pour nos clients.<\/span><br \/>\n<span style=\"color: #000000\">Ce qui fait SIA, c\u2019est son acharnement \u00e0 travailler de fa\u00e7on professionnelle gr\u00e2ce \u00e0 son personnel qualifi\u00e9 et exp\u00e9riment\u00e9 ainsi que sa capacit\u00e9 \u00e0 gagner des march\u00e9s gr\u00e2ce \u00e0 l\u2019exp\u00e9rience et l\u2019expertise acquises du fait des projets d\u00e9j\u00e0 r\u00e9alis\u00e9s ainsi qu\u2019une solide capacit\u00e9 financi\u00e8re. SIA \u00e0 l\u2019exp\u00e9rience dans la gestion de projets d\u2019envergure de bout en bout. Notre organisation, favorise la prise de d\u00e9cisions rapides, nous sommes flexibles et agiles et sommes constamment \u00e0 la recherche de la qualit\u00e9 et de l\u2019innovation.<\/span><br \/>\n<span style=\"color: #000000\">En tr\u00e8s peu de temps notre s\u00e9rieux et la qualit\u00e9 de nos prestations nous ont positionn\u00e9s comme un op\u00e9rateur de confiance du secteur.<\/span>\n<\/div><\/div><\/div>[\/vc_column][\/vc_row][vc_row css=\u00a0\u00bb.vc_custom_1463480345924{padding-top: 30px !important;padding-bottom: 30px !important;}\u00a0\u00bb][vc_column width=\u00a0\u00bb4\/6&Prime;]<div class=\"mgt-header-block clearfix text-left text-black wpb_animate_when_almost_visible wpb_left-to-right wpb_content_element  mgt-header-block-style-2 mgt-header-texttransform-subheader \"><p class=\"mgt-header-block-subtitle\">Nos R\u00e9sultats<\/p><h2 class=\"mgt-header-block-title\">Nous avons pu depuis 2015 r\u00e9alis\u00e9s les chiffres suivants<\/h2><div class=\"mgt-header-line\"><\/div><\/div>[\/vc_column][vc_column width=\u00a0\u00bb1\/6&Prime;]<div class=\"mgt-counter-wrapper wpb_content_element text-black text-left\"><div class=\"mgt-counter-icon\"><i class=\"fa fa-users\"><\/i>\r\n<\/div><span class=\"mgt-counter-value\" data-from=\"0\" data-to=\"6\" data-speed=\"2000\" data-decimals=\"0\">6<\/span><h5 class=\"mgt-counter-title\">Clients Servis<\/h5><\/div>[\/vc_column][vc_column width=\u00a0\u00bb1\/6&Prime;]<div class=\"mgt-counter-wrapper wpb_content_element text-black text-left\"><div class=\"mgt-counter-icon\"><i class=\"fa fa-graduation-cap\"><\/i>\r\n<\/div><span class=\"mgt-counter-value\" data-from=\"0\" data-to=\"15\" data-speed=\"2000\" data-decimals=\"0\">15<\/span><h5 class=\"mgt-counter-title\">Projets r\u00e9alis\u00e9s<\/h5><\/div>[\/vc_column][\/vc_row][vc_row css=\u00a0\u00bb.vc_custom_1466500844349{margin-bottom: 80px !important;}\u00a0\u00bb][vc_column]<div class=\"mgt-cta-block clearfix parallax white-text with-text wpb_content_element\" data-style=\"background:  url(https:\/\/sia-sarl.com\/wp-content\/uploads\/2022\/01\/Demande-de-DEVIS.png) no-repeat;\"><div class=\"mgt-button-wrapper mgt-button-wrapper-align-right mgt-button-wrapper-display-newline mgt-button-top-margin-disable\"><a class=\"btn hvr-sweep-to-top mgt-button mgt-style-solid mgt-size-normal mgt-align-right mgt-display-newline mgt-text-size-normal mgt-button-icon-position-left mgt-text-transform-uppercase \" href=\"http:\/\/sia-sarl.com\/index.php\/devis\/\">Je demande un devis<\/a><\/div><h5 class=\"mgt-cta-block-header\">BESOIN D&#039;UN DEVIS ?<\/h5><div class=\"mgt-cta-block-content\"><span style=\"font-weight: 400;color: #ffffff\">Nos \u00e9quipes commerciales et techniques sont \u00e0 votre disposition pour tous vos besoins et projets<\/span><\/div><\/div>[\/vc_column][\/vc_row]<\/p>\n","protected":false},"excerpt":{"rendered":"<p>[vc_row equal_height=\u00a0\u00bbyes\u00a0\u00bb css=\u00a0\u00bb.vc_custom_1463480619661{margin-bottom: 10px !important;}\u00a0\u00bb][vc_column width=\u00a0\u00bb1\/3&Prime; css=\u00a0\u00bb.vc_custom_1459186986556{margin-right: 0px !important;padding-right: 0px !important;}\u00a0\u00bb][vc_single_image image=\u00a0\u00bb3869&Prime; img_size=\u00a0\u00bbfull\u00a0\u00bb css_animation=\u00a0\u00bbleft-to-right\u00a0\u00bb][\/vc_column][vc_column width=\u00a0\u00bb2\/3&Prime; css=\u00a0\u00bb.vc_custom_1639138325828{margin-left: 0px !important;padding-left: 20px !important;}\u00a0\u00bb][vc_column_text css_animation=\u00a0\u00bbleft-to-right\u00a0\u00bb] QUI SOMMES-NOUS ? La SOCIETE D\u2019INGENIERIE EN AFRIQUE (SIA)&#8230;<\/p>\n","protected":false},"author":1,"featured_media":0,"parent":0,"menu_order":0,"comment_status":"closed","ping_status":"closed","template":"","meta":[],"_links":{"self":[{"href":"https:\/\/sia-sarl.com\/index.php\/wp-json\/wp\/v2\/pages\/930"}],"collection":[{"href":"https:\/\/sia-sarl.com\/index.php\/wp-json\/wp\/v2\/pages"}],"about":[{"href":"https:\/\/sia-sarl.com\/index.php\/wp-json\/wp\/v2\/types\/page"}],"author":[{"embeddable":true,"href":"https:\/\/sia-sarl.com\/index.php\/wp-json\/wp\/v2\/users\/1"}],"replies":[{"embeddable":true,"href":"https:\/\/sia-sarl.com\/index.php\/wp-json\/wp\/v2\/comments?post=930"}],"version-history":[{"count":60,"href":"https:\/\/sia-sarl.com\/index.php\/wp-json\/wp\/v2\/pages\/930\/revisions"}],"predecessor-version":[{"id":3875,"href":"https:\/\/sia-sarl.com\/index.php\/wp-json\/wp\/v2\/pages\/930\/revisions\/3875"}],"wp:attachment":[{"href":"https:\/\/sia-sarl.com\/index.php\/wp-json\/wp\/v2\/media?parent=930"}],"curies":[{"name":"wp","href":"https:\/\/api.w.org\/{rel}","templated":true}]}}