{"id":461,"date":"2016-03-31T16:04:22","date_gmt":"2016-03-31T16:04:22","guid":{"rendered":"http:\/\/wp.magnium-themes.com\/thebuilt\/thebuilt-5\/?page_id=461"},"modified":"2022-02-04T15:45:02","modified_gmt":"2022-02-04T14:45:02","slug":"nos-metiers","status":"publish","type":"page","link":"https:\/\/sia-sarl.com\/index.php\/nos-metiers\/","title":{"rendered":"NOS METIERS"},"content":{"rendered":"<p>[vc_row][vc_column width=\u00a0\u00bb1\/2&Prime;]<style scoped='scoped'>.mgt-promo-block-47315338164.mgt-promo-block.darken .mgt-promo-block-content {background-color: rgba(10,10,10,0.3)!important;}.mgt-promo-block-47315338164.mgt-promo-block.animated:hover .mgt-promo-block-content {background-color: rgba(0,0,0,0.5)!important;}<\/style><a class=\"mgt-promo-block-link\" href=\"http:\/\/sia-sarl.com\/index.php\/travaux-routiers\/\"><div class=\"mgt-promo-block animated white-text cover-image text-size-normal darken mgt-promo-block-47315338164 wpb_content_element wpb_animate_when_almost_visible wpb_appear\" data-style=\"background-image: url(https:\/\/sia-sarl.com\/wp-content\/uploads\/2021\/12\/Sous-Menu-Nos-Metiers-Travaux-routiers-scaled.jpg);background-repeat: no-repeat;width: 100%; height: 220px;\"><div class=\"mgt-promo-block-content va-bottom\"><div class=\"mgt-promo-block-content-inside vc_custom_1643820474534\"><i class=\"fa fa-2 fa-building\"><!-- Icon --><\/i>\n<h3>TRAVAUX<br \/>\nROUTIERS<\/h3>\n<div class=\"mgt-button-wrapper mgt-button-wrapper-align-left mgt-button-wrapper-display-newline mgt-button-top-margin-disable\"><a class=\"btn hvr-icon-wobble-horizontal mgt-button mgt-style-textwhite mgt-size-normal mgt-align-left mgt-display-newline mgt-text-size-small mgt-button-icon-position-right mgt-text-transform-uppercase \" href=\"http:\/\/sia-sarl.com\/index.php\/travaux-routiers\/\">En savoir plus<i class=\"fa fa-arrow-right\"><\/i><\/a><\/div><\/div><\/div><\/div><\/a>[vc_column_text css_animation=\u00a0\u00bbleft-to-right\u00a0\u00bb css=\u00a0\u00bb.vc_custom_1643901180862{padding-top: 25px !important;padding-right: 25px !important;padding-bottom: 25px !important;padding-left: 25px !important;background-color: #f5f5f5 !important;}\u00a0\u00bb]<\/p>\n<p style=\"text-align: justify;\">Notre obsession est de contribuer \u00e0 mettre \u00e0 la disposition des usagers, des lin\u00e9aires et ouvrages de qualit\u00e9 en vue de favoriser le d\u00e9veloppement infrastructurel sur le plan national afin d\u2019impacter la croissance \u00e9conomique.<\/p>\n<p>[\/vc_column_text][\/vc_column][vc_column width=\u00a0\u00bb1\/2&Prime;]<style scoped='scoped'>.mgt-promo-block-47315338664.mgt-promo-block.darken .mgt-promo-block-content {background-color: rgba(10,10,10,0.38)!important;}.mgt-promo-block-47315338664.mgt-promo-block.animated:hover .mgt-promo-block-content {background-color: rgba(0,0,0,0.5)!important;}<\/style><a class=\"mgt-promo-block-link\" href=\"http:\/\/sia-sarl.com\/index.php\/constructions-de-batiment\/\"><div class=\"mgt-promo-block animated white-text cover-image text-size-normal darken mgt-promo-block-47315338664 wpb_content_element wpb_animate_when_almost_visible wpb_appear\" data-style=\"background-image: url(https:\/\/sia-sarl.com\/wp-content\/uploads\/2021\/12\/Sous-Menu-Nos-Metiers-Construction-de-batiments-02-scaled.jpg);background-repeat: no-repeat;width: 100%; height: 220px;\"><div class=\"mgt-promo-block-content va-bottom\"><div class=\"mgt-promo-block-content-inside vc_custom_1643985897725\"><i class=\"fa fa-2 fa-home\"><!-- Icon --><\/i>\n<h3>CONSTRUCTION<br \/>\nDE BATIMENTS<\/h3>\n<div class=\"mgt-button-wrapper mgt-button-wrapper-align-left mgt-button-wrapper-display-newline mgt-button-top-margin-disable\"><a class=\"btn hvr-icon-wobble-horizontal mgt-button mgt-style-textwhite mgt-size-normal mgt-align-left mgt-display-newline mgt-text-size-small mgt-button-icon-position-right mgt-text-transform-uppercase \" href=\"http:\/\/sia-sarl.com\/index.php\/constructions-de-batiment\/\">En savoir plus<i class=\"fa fa-arrow-right\"><\/i><\/a><\/div><\/div><\/div><\/div><\/a>[vc_column_text css_animation=\u00a0\u00bbbottom-to-top\u00a0\u00bb css=\u00a0\u00bb.vc_custom_1643901443720{padding-top: 25px !important;padding-right: 25px !important;padding-bottom: 25px !important;padding-left: 25px !important;background-color: #f5f5f5 !important;}\u00a0\u00bb]<\/p>\n<p style=\"text-align: justify;\">Toujours \u00e0 la recherche de la satisfaction clients, SIA met un accent particulier sur la s\u00e9curit\u00e9 du b\u00e2timent \u00e0 travers la qualit\u00e9 des mat\u00e9riaux, le professionnalisme de ses \u00e9quipes et le respect des normes environnementales.<\/p>\n<p>[\/vc_column_text][\/vc_column][\/vc_row][vc_row][vc_column][vc_separator][\/vc_column][\/vc_row][vc_row css=\u00a0\u00bb.vc_custom_1459500649448{margin-bottom: 20px !important;}\u00a0\u00bb][vc_column width=\u00a0\u00bb1\/3&Prime;]<style scoped='scoped'>.mgt-promo-block-41315338664.mgt-promo-block.darken .mgt-promo-block-content {background-color: rgba(10,10,10,0.21)!important;}.mgt-promo-block-41315338664.mgt-promo-block.animated:hover .mgt-promo-block-content {background-color: rgba(0,0,0,0.5)!important;}<\/style><a class=\"mgt-promo-block-link\" href=\"http:\/\/sia-sarl.com\/index.php\/etudes-et-ingenierie\/\"><div class=\"mgt-promo-block animated white-text cover-image text-size-normal darken mgt-promo-block-41315338664 wpb_content_element wpb_animate_when_almost_visible wpb_appear\" data-style=\"background-image: url(https:\/\/sia-sarl.com\/wp-content\/uploads\/2021\/12\/Sous-Menu-Nos-Metiers-Etudes-et-ingenierie-scaled.jpg);background-repeat: no-repeat;width: 100%; height: 220px;\"><div class=\"mgt-promo-block-content va-bottom\"><div class=\"mgt-promo-block-content-inside vc_custom_1643818706525\"><i class=\"fa fa-2 fa-picture-o\"><!-- Icon --><\/i>\n<h3>ETUDES ET<br \/>\nINGENIERIE<\/h3>\n<div class=\"mgt-button-wrapper mgt-button-wrapper-align-left mgt-button-wrapper-display-newline mgt-button-top-margin-disable\"><a class=\"btn hvr-icon-wobble-horizontal mgt-button mgt-style-textwhite mgt-size-normal mgt-align-left mgt-display-newline mgt-text-size-small mgt-button-icon-position-right mgt-text-transform-uppercase \" href=\"http:\/\/sia-sarl.com\/index.php\/etudes-et-ingenierie\/\">En savoir plus<i class=\"fa fa-arrow-right\"><\/i><\/a><\/div><\/div><\/div><\/div><\/a>[vc_column_text css_animation=\u00a0\u00bbbottom-to-top\u00a0\u00bb css=\u00a0\u00bb.vc_custom_1643819107781{padding-top: 25px !important;padding-right: 25px !important;padding-bottom: 25px !important;padding-left: 25px !important;background-color: #f5f5f5 !important;}\u00a0\u00bb el_class=\u00a0\u00bbthebuilt-textcolor-grey\u00a0\u00bb]<\/p>\n<p style=\"text-align: justify;\">SIA combine connaissance du climat des affaires en Afrique et excellente compr\u00e9hension des opportunit\u00e9s pour aboutir \u00e0 des solutions innovantes, sources de diff\u00e9renciation pour nos clients.<\/p>\n<p>[\/vc_column_text][\/vc_column][vc_column width=\u00a0\u00bb1\/3&Prime;]<style scoped='scoped'>.mgt-promo-block-41315338664.mgt-promo-block.darken .mgt-promo-block-content {background-color: rgba(10,10,10,0.21)!important;}.mgt-promo-block-41315338664.mgt-promo-block.animated:hover .mgt-promo-block-content {background-color: rgba(0,0,0,0.5)!important;}<\/style><a class=\"mgt-promo-block-link\" href=\"http:\/\/sia-sarl.com\/index.php\/renovation-et-design-dinterieur\/\"><div class=\"mgt-promo-block animated white-text cover-image text-size-normal darken mgt-promo-block-41315338664 wpb_content_element wpb_animate_when_almost_visible wpb_appear\" data-style=\"background-image: url(https:\/\/sia-sarl.com\/wp-content\/uploads\/2021\/12\/Sous-Menu-Nos-Metiers-Renovation-et-design-interieur-01-scaled.jpg);background-repeat: no-repeat;width: 100%; height: 220px;\"><div class=\"mgt-promo-block-content va-bottom\"><div class=\"mgt-promo-block-content-inside vc_custom_1643818724287\"><i class=\"fa fa-2 fa-picture-o\"><!-- Icon --><\/i>\n<h3>RENOVATION ET<br \/>\nDESIGN D&rsquo;INTERIEUR<\/h3>\n<div class=\"mgt-button-wrapper mgt-button-wrapper-align-left mgt-button-wrapper-display-newline mgt-button-top-margin-disable\"><a class=\"btn hvr-icon-wobble-horizontal mgt-button mgt-style-textwhite mgt-size-normal mgt-align-left mgt-display-newline mgt-text-size-small mgt-button-icon-position-right mgt-text-transform-uppercase \" href=\"http:\/\/sia-sarl.com\/index.php\/renovation-et-design-dinterieur\/\">En savoir plus<i class=\"fa fa-arrow-right\"><\/i><\/a><\/div><\/div><\/div><\/div><\/a>[vc_column_text css_animation=\u00a0\u00bbbottom-to-top\u00a0\u00bb css=\u00a0\u00bb.vc_custom_1643902777418{padding-top: 25px !important;padding-right: 25px !important;padding-bottom: 25px !important;padding-left: 25px !important;background-color: #f5f5f5 !important;}\u00a0\u00bb el_class=\u00a0\u00bbthebuilt-textcolor-grey\u00a0\u00bb]<\/p>\n<p style=\"text-align: justify;\">Mener en toute s\u00e9r\u00e9nit\u00e9 vos travaux de r\u00e9novation de maisons et d\u2019appartements. En vous appuyant sur SIA, c\u2019est l\u2019assurance d\u2019un chantier ma\u00eetris\u00e9 de A \u00e0 Z, depuis la conception des plans jusqu\u2019\u00e0 la livraison finale.<\/p>\n<p>[\/vc_column_text][\/vc_column][vc_column width=\u00a0\u00bb1\/3&Prime;]<style scoped='scoped'>.mgt-promo-block-47315338634.mgt-promo-block.darken .mgt-promo-block-content {background-color: rgba(10,10,10,0.38)!important;}.mgt-promo-block-47315338634.mgt-promo-block.animated:hover .mgt-promo-block-content {background-color: rgba(0,0,0,0.5)!important;}<\/style><a class=\"mgt-promo-block-link\" href=\"http:\/\/sia-sarl.com\/index.php\/production-de-briques-et-tuiles\/\"><div class=\"mgt-promo-block animated white-text cover-image text-size-normal darken mgt-promo-block-47315338634 wpb_content_element wpb_animate_when_almost_visible wpb_appear\" data-style=\"background-image: url(https:\/\/sia-sarl.com\/wp-content\/uploads\/2021\/12\/Sous-Menu-Nos-Metiers-Production-de-briques-et-tuiles-scaled.jpg);background-repeat: no-repeat;width: 100%; height: 220px;\"><div class=\"mgt-promo-block-content va-bottom\"><div class=\"mgt-promo-block-content-inside vc_custom_1643820414608\"><i class=\"fa fa-2 fa-hospital-o\"><!-- Icon --><\/i>\n<h3>PRODUCTION<br \/>\nDE BRIQUES ET TUILES<\/h3>\n<div class=\"mgt-button-wrapper mgt-button-wrapper-align-left mgt-button-wrapper-display-newline mgt-button-top-margin-disable\"><a class=\"btn hvr-icon-wobble-horizontal mgt-button mgt-style-textwhite mgt-size-normal mgt-align-left mgt-display-newline mgt-text-size-small mgt-button-icon-position-right mgt-text-transform-uppercase \" href=\"http:\/\/sia-sarl.com\/index.php\/production-de-briques-et-tuiles\/\">En savoir plus<i class=\"fa fa-arrow-right\"><\/i><\/a><\/div><\/div><\/div><\/div><\/a>[vc_column_text css_animation=\u00a0\u00bbright-to-left\u00a0\u00bb css=\u00a0\u00bb.vc_custom_1643901896237{padding-top: 25px !important;padding-right: 25px !important;padding-bottom: 25px !important;padding-left: 25px !important;background-color: #f5f5f5 !important;}\u00a0\u00bb]<\/p>\n<p style=\"text-align: justify;\">Nous vous accompagnons, toujours avec des solutions innovantes et surtout adapt\u00e9es \u00e0 votre budget par notre capacit\u00e9 \u00e0 produire nous-m\u00eame des mat\u00e9riaux de construction de qualit\u00e9 dans l\u2019ex\u00e9cution de nos projets.<\/p>\n<p>[\/vc_column_text][\/vc_column][\/vc_row][vc_row css=\u00a0\u00bb.vc_custom_1466500844349{margin-bottom: 80px !important;}\u00a0\u00bb][vc_column]<div class=\"mgt-cta-block clearfix parallax white-text with-text wpb_content_element\" data-style=\"background:  url(https:\/\/sia-sarl.com\/wp-content\/uploads\/2022\/02\/NOS-METIERS.jpg) no-repeat;\"><div class=\"mgt-button-wrapper mgt-button-wrapper-align-right mgt-button-wrapper-display-newline mgt-button-top-margin-disable\"><a class=\"btn hvr-sweep-to-top mgt-button mgt-style-solid mgt-size-normal mgt-align-right mgt-display-newline mgt-text-size-normal mgt-button-icon-position-left mgt-text-transform-uppercase \" href=\"http:\/\/sia-sarl.com\/index.php\/devis\/\">Je demande un devis<\/a><\/div><h5 class=\"mgt-cta-block-header\">Entreprise ou Particulier<\/h5><div class=\"mgt-cta-block-content\"><span style=\"color: #ffffff\">Vous avez un projet de B\u00e2timent ou de travaux de voieries \u00e0 r\u00e9aliser, contacter nous maintenant sans h\u00e9siter. Nos \u00e9quipes commerciales et techniques se tiennent \u00e0 votre disposition pour vous accompagner, toujours avec des solutions innovantes, prenant en compte les sp\u00e9cificit\u00e9s de votre besoin et surtout adapt\u00e9es \u00e0 votre budget.<\/span><\/div><\/div>[\/vc_column][\/vc_row]<\/p>\n","protected":false},"excerpt":{"rendered":"<p>[vc_row][vc_column width=\u00a0\u00bb1\/2&Prime;][vc_column_text css_animation=\u00a0\u00bbleft-to-right\u00a0\u00bb css=\u00a0\u00bb.vc_custom_1643901180862{padding-top: 25px !important;padding-right: 25px !important;padding-bottom: 25px !important;padding-left: 25px !important;background-color: #f5f5f5 !important;}\u00a0\u00bb] Notre obsession est de contribuer \u00e0 mettre \u00e0 la disposition des usagers, des lin\u00e9aires et ouvrages&#8230;<\/p>\n","protected":false},"author":1,"featured_media":0,"parent":0,"menu_order":0,"comment_status":"closed","ping_status":"closed","template":"","meta":[],"_links":{"self":[{"href":"https:\/\/sia-sarl.com\/index.php\/wp-json\/wp\/v2\/pages\/461"}],"collection":[{"href":"https:\/\/sia-sarl.com\/index.php\/wp-json\/wp\/v2\/pages"}],"about":[{"href":"https:\/\/sia-sarl.com\/index.php\/wp-json\/wp\/v2\/types\/page"}],"author":[{"embeddable":true,"href":"https:\/\/sia-sarl.com\/index.php\/wp-json\/wp\/v2\/users\/1"}],"replies":[{"embeddable":true,"href":"https:\/\/sia-sarl.com\/index.php\/wp-json\/wp\/v2\/comments?post=461"}],"version-history":[{"count":44,"href":"https:\/\/sia-sarl.com\/index.php\/wp-json\/wp\/v2\/pages\/461\/revisions"}],"predecessor-version":[{"id":3844,"href":"https:\/\/sia-sarl.com\/index.php\/wp-json\/wp\/v2\/pages\/461\/revisions\/3844"}],"wp:attachment":[{"href":"https:\/\/sia-sarl.com\/index.php\/wp-json\/wp\/v2\/media?parent=461"}],"curies":[{"name":"wp","href":"https:\/\/api.w.org\/{rel}","templated":true}]}}