{"id":3493,"date":"2021-12-10T13:05:41","date_gmt":"2021-12-10T12:05:41","guid":{"rendered":"http:\/\/sia-sarl.com\/?page_id=3493"},"modified":"2022-02-08T12:33:36","modified_gmt":"2022-02-08T11:33:36","slug":"valeurs-fondamentales","status":"publish","type":"page","link":"https:\/\/sia-sarl.com\/index.php\/valeurs-fondamentales\/","title":{"rendered":"NOS VALEURS"},"content":{"rendered":"<p>[vc_row equal_height=\u00a0\u00bbyes\u00a0\u00bb css=\u00a0\u00bb.vc_custom_1464263823580{margin-bottom: 30px !important;}\u00a0\u00bb][vc_column width=\u00a0\u00bb1\/2&Prime;]<div class=\"mgt-header-block clearfix text-left text-black wpb_content_element  mgt-header-block-style-1 mgt-header-texttransform-header  vc_custom_1643648837506\"><h2 class=\"mgt-header-block-title\">NOS VALEURS<\/h2><div class=\"mgt-header-line\"><\/div><\/div>[vc_column_text]<\/p>\n<p style=\"font-size: 15px; text-align: justify;\">Nos valeurs, les principes moraux, soci\u00e9taux sur lesquels nous nous basons pour \u00e9voluer et prendre nos d\u00e9cisions strat\u00e9giques sont guid\u00e9es par :<br \/>\n&#8211; Le respect pour les personnes et l\u2019environnement<br \/>\n&#8211; La passion pour la qualit\u00e9<br \/>\n&#8211; L\u2019int\u00e9grit\u00e9<br \/>\n&#8211; La satisfaction de nos clients et fournisseurs<br \/>\n&#8211; La reconnaissance de la performance<\/p>\n<p style=\"font-size: 15px; text-align: justify;\">En tr\u00e8s peu de temps notre s\u00e9rieux et la qualit\u00e9 de nos prestations nous ont positionn\u00e9s comme un acteur de confiance du secteur. Nos ma\u00eetres-mots sont :<br \/>\n&#8211; La passion pour le B\u00e2timent et les Travaux Publics,<br \/>\n&#8211; La qualit\u00e9 des \u00e9quipements, des mat\u00e9riaux<br \/>\n&#8211; La satisfaction de nos clients et fournisseurs<br \/>\n&#8211; La s\u00e9curit\u00e9 et le respect des normes RSE<\/p>\n<p>[\/vc_column_text][\/vc_column][vc_column width=\u00a0\u00bb1\/2&Prime;][vc_empty_space height=\u00a0\u00bb64px\u00a0\u00bb]<div class=\"mgt-promo-block white-text cover-image text-size-normal no-darken mgt-promo-block-80547717583 wpb_content_element\" data-style=\"background-image: url(https:\/\/sia-sarl.com\/wp-content\/uploads\/2022\/02\/IMAGES-04-_NOS-VALEURS.jpg);background-repeat: no-repeat;width: 100%; height: 350px;\"><div class=\"mgt-promo-block-content\"><div class=\"mgt-promo-block-content-inside\"><\/div><\/div><\/div>[\/vc_column][\/vc_row][vc_row css=\u00a0\u00bb.vc_custom_1466500844349{margin-bottom: 80px !important;}\u00a0\u00bb][vc_column]<div class=\"mgt-cta-block clearfix parallax white-text with-text wpb_content_element\" data-style=\"background:  url(https:\/\/sia-sarl.com\/wp-content\/uploads\/2022\/01\/Demande-de-DEVIS.png) no-repeat;\"><div class=\"mgt-button-wrapper mgt-button-wrapper-align-right mgt-button-wrapper-display-newline mgt-button-top-margin-disable\"><a class=\"btn hvr-sweep-to-top mgt-button mgt-style-solid mgt-size-normal mgt-align-right mgt-display-newline mgt-text-size-normal mgt-button-icon-position-left mgt-text-transform-uppercase \" href=\"http:\/\/sia-sarl.com\/index.php\/devis\/\">Je demande un devis<\/a><\/div><h5 class=\"mgt-cta-block-header\">BESOIN D&#039;UN DEVIS ?<\/h5><div class=\"mgt-cta-block-content\"><span style=\"font-weight: 400;color: #ffffff\">Nos \u00e9quipes commerciales et techniques sont \u00e0 votre disposition pour tous vos besoins et projets<\/span><\/div><\/div>[\/vc_column][\/vc_row]<\/p>\n","protected":false},"excerpt":{"rendered":"<p>[vc_row equal_height=\u00a0\u00bbyes\u00a0\u00bb css=\u00a0\u00bb.vc_custom_1464263823580{margin-bottom: 30px !important;}\u00a0\u00bb][vc_column width=\u00a0\u00bb1\/2&Prime;][vc_column_text] Nos valeurs, les principes moraux, soci\u00e9taux sur lesquels nous nous basons pour \u00e9voluer et prendre nos d\u00e9cisions strat\u00e9giques sont guid\u00e9es par : &#8211; Le&#8230;<\/p>\n","protected":false},"author":1,"featured_media":0,"parent":0,"menu_order":0,"comment_status":"closed","ping_status":"closed","template":"","meta":[],"_links":{"self":[{"href":"https:\/\/sia-sarl.com\/index.php\/wp-json\/wp\/v2\/pages\/3493"}],"collection":[{"href":"https:\/\/sia-sarl.com\/index.php\/wp-json\/wp\/v2\/pages"}],"about":[{"href":"https:\/\/sia-sarl.com\/index.php\/wp-json\/wp\/v2\/types\/page"}],"author":[{"embeddable":true,"href":"https:\/\/sia-sarl.com\/index.php\/wp-json\/wp\/v2\/users\/1"}],"replies":[{"embeddable":true,"href":"https:\/\/sia-sarl.com\/index.php\/wp-json\/wp\/v2\/comments?post=3493"}],"version-history":[{"count":6,"href":"https:\/\/sia-sarl.com\/index.php\/wp-json\/wp\/v2\/pages\/3493\/revisions"}],"predecessor-version":[{"id":3936,"href":"https:\/\/sia-sarl.com\/index.php\/wp-json\/wp\/v2\/pages\/3493\/revisions\/3936"}],"wp:attachment":[{"href":"https:\/\/sia-sarl.com\/index.php\/wp-json\/wp\/v2\/media?parent=3493"}],"curies":[{"name":"wp","href":"https:\/\/api.w.org\/{rel}","templated":true}]}}