{"id":3491,"date":"2021-12-10T13:00:50","date_gmt":"2021-12-10T12:00:50","guid":{"rendered":"http:\/\/sia-sarl.com\/?page_id=3491"},"modified":"2022-02-08T12:32:45","modified_gmt":"2022-02-08T11:32:45","slug":"equipe-de-travail","status":"publish","type":"page","link":"https:\/\/sia-sarl.com\/index.php\/equipe-de-travail\/","title":{"rendered":"NOS EQUIPES"},"content":{"rendered":"<p>[vc_row equal_height=\u00a0\u00bbyes\u00a0\u00bb css=\u00a0\u00bb.vc_custom_1464263823580{margin-bottom: 30px !important;}\u00a0\u00bb][vc_column width=\u00a0\u00bb1\/2&Prime;]<div class=\"mgt-header-block clearfix text-left text-black wpb_content_element  mgt-header-block-style-1 mgt-header-texttransform-header  vc_custom_1643648093284\"><h2 class=\"mgt-header-block-title\">NOS EQUIPES<\/h2><div class=\"mgt-header-line\"><\/div><\/div>[vc_column_text]<\/p>\n<p style=\"font-weight: 400; text-align: justify;\">SIA, travaille de fa\u00e7on professionnelle gr\u00e2ce \u00e0 son personnel qualifi\u00e9 et exp\u00e9riment\u00e9 ce qui lui offre la capacit\u00e9 de gagner des march\u00e9s gr\u00e2ce \u00e0 l\u2019exp\u00e9rience et l\u2019expertise acquises du fait des projets d\u00e9j\u00e0 r\u00e9alis\u00e9s.<br \/>\nNos \u00e9quipes ont l\u2019exp\u00e9rience dans la gestion de projets d\u2019envergure de bout en bout et notre organisation, favorise la prise de d\u00e9cisions rapides et efficaces. Nous sommes flexibles et agiles et sommes constamment \u00e0 la recherche de la qualit\u00e9 et de l\u2019innovation.<br \/>\nA travers :<br \/>\n&#8211; Une Direction des op\u00e9rations regroupant les ventes, les achats, la logistique et les moyens g\u00e9n\u00e9raux ;<br \/>\n&#8211; Une Direction Technique organis\u00e9e autour des chefs de projets et conducteurs de travaux pour un encadrement efficace de nos artisans tous qualifi\u00e9s et exp\u00e9riment\u00e9s ;<br \/>\n&#8211; Une direction Financi\u00e8re, cheville ouvri\u00e8re, qui \u0153uvre \u00e0 solidifier nos rapports avec les institutions bancaires afin de soutenir la vision de SIA d\u2019\u00eatre un acteur Incontournable et Profitable du secteur de BTP.<\/p>\n<p>[\/vc_column_text][\/vc_column][vc_column width=\u00a0\u00bb1\/2&Prime;][vc_empty_space height=\u00a0\u00bb64px\u00a0\u00bb]<div class=\"mgt-promo-block white-text cover-image text-size-normal no-darken mgt-promo-block-80547717583 wpb_content_element\" data-style=\"background-image: url(https:\/\/sia-sarl.com\/wp-content\/uploads\/2022\/02\/IMAGES-03-_NOS-EQUIPES.jpg);background-repeat: no-repeat;width: 100%; height: 350px;\"><div class=\"mgt-promo-block-content\"><div class=\"mgt-promo-block-content-inside\"><\/div><\/div><\/div>[\/vc_column][\/vc_row][vc_row css=\u00a0\u00bb.vc_custom_1466500844349{margin-bottom: 80px !important;}\u00a0\u00bb][vc_column]<div class=\"mgt-cta-block clearfix parallax white-text with-text wpb_content_element\" data-style=\"background:  url(https:\/\/sia-sarl.com\/wp-content\/uploads\/2022\/01\/Demande-de-DEVIS.png) no-repeat;\"><div class=\"mgt-button-wrapper mgt-button-wrapper-align-right mgt-button-wrapper-display-newline mgt-button-top-margin-disable\"><a class=\"btn hvr-sweep-to-top mgt-button mgt-style-solid mgt-size-normal mgt-align-right mgt-display-newline mgt-text-size-normal mgt-button-icon-position-left mgt-text-transform-uppercase \" href=\"http:\/\/sia-sarl.com\/index.php\/devis\/\">Je demande un devis<\/a><\/div><h5 class=\"mgt-cta-block-header\">BESOIN D&#039;UN DEVIS ?<\/h5><div class=\"mgt-cta-block-content\"><span style=\"font-weight: 400;color: #ffffff\">Nos \u00e9quipes commerciales et techniques sont \u00e0 votre disposition pour tous vos besoins et projets<\/span><\/div><\/div>[\/vc_column][\/vc_row]<\/p>\n","protected":false},"excerpt":{"rendered":"<p>[vc_row equal_height=\u00a0\u00bbyes\u00a0\u00bb css=\u00a0\u00bb.vc_custom_1464263823580{margin-bottom: 30px !important;}\u00a0\u00bb][vc_column width=\u00a0\u00bb1\/2&Prime;][vc_column_text] SIA, travaille de fa\u00e7on professionnelle gr\u00e2ce \u00e0 son personnel qualifi\u00e9 et exp\u00e9riment\u00e9 ce qui lui offre la capacit\u00e9 de gagner des march\u00e9s gr\u00e2ce \u00e0&#8230;<\/p>\n","protected":false},"author":1,"featured_media":0,"parent":0,"menu_order":0,"comment_status":"closed","ping_status":"closed","template":"","meta":[],"_links":{"self":[{"href":"https:\/\/sia-sarl.com\/index.php\/wp-json\/wp\/v2\/pages\/3491"}],"collection":[{"href":"https:\/\/sia-sarl.com\/index.php\/wp-json\/wp\/v2\/pages"}],"about":[{"href":"https:\/\/sia-sarl.com\/index.php\/wp-json\/wp\/v2\/types\/page"}],"author":[{"embeddable":true,"href":"https:\/\/sia-sarl.com\/index.php\/wp-json\/wp\/v2\/users\/1"}],"replies":[{"embeddable":true,"href":"https:\/\/sia-sarl.com\/index.php\/wp-json\/wp\/v2\/comments?post=3491"}],"version-history":[{"count":11,"href":"https:\/\/sia-sarl.com\/index.php\/wp-json\/wp\/v2\/pages\/3491\/revisions"}],"predecessor-version":[{"id":3935,"href":"https:\/\/sia-sarl.com\/index.php\/wp-json\/wp\/v2\/pages\/3491\/revisions\/3935"}],"wp:attachment":[{"href":"https:\/\/sia-sarl.com\/index.php\/wp-json\/wp\/v2\/media?parent=3491"}],"curies":[{"name":"wp","href":"https:\/\/api.w.org\/{rel}","templated":true}]}}