{"id":3487,"date":"2021-12-10T12:51:21","date_gmt":"2021-12-10T11:51:21","guid":{"rendered":"http:\/\/sia-sarl.com\/?page_id=3487"},"modified":"2022-02-08T12:32:09","modified_gmt":"2022-02-08T11:32:09","slug":"historique","status":"publish","type":"page","link":"https:\/\/sia-sarl.com\/index.php\/historique\/","title":{"rendered":"Notre Histoire"},"content":{"rendered":"<p>[vc_row equal_height=\u00a0\u00bbyes\u00a0\u00bb css=\u00a0\u00bb.vc_custom_1464263823580{margin-bottom: 30px !important;}\u00a0\u00bb][vc_column width=\u00a0\u00bb1\/2&Prime;]<div class=\"mgt-header-block clearfix text-left text-black wpb_content_element  mgt-header-block-style-1 mgt-header-texttransform-header  vc_custom_1639137204020\"><h2 class=\"mgt-header-block-title\">NOTRE HISTOIRE<\/h2><div class=\"mgt-header-line\"><\/div><\/div>[vc_column_text]<\/p>\n<p style=\"font-size: 15px; text-align: justify;\">SIA, SOCIETE D\u2019INGENIERIE EN AFRIQUE est SARL qui existe en C\u00f4te d\u2019Ivoire depuis Mars 2015 et qui ambitionne de devenir \u00e0 moyen terme un acteur majeur du secteur du B\u00e2timent et des Travaux Publics.<br \/>\nSIA est le fruit d\u2019une passion de son fondateur et Directeur G\u00e9n\u00e9ral Monsieur AKE Ars\u00e8ne Gislain. Ing\u00e9nieur informaticien \u00e0 la base et titulaire d\u2019un MBA option Administration des Entreprise, Monsieur AKE a occup\u00e9 diff\u00e9rentes fonctions de l\u2019op\u00e9rationnel jusqu\u2019au top Management des syst\u00e8mes d\u2019information dans plusieurs multinationales en C\u00f4te d\u2019Ivoire.<br \/>\nEn 2010-2011, apr\u00e8s l\u2019achat de sa premi\u00e8re maison, comme un chef de projet, Monsieur AKE se lance dans l\u2019\u00e9tude pour la modification de cette maison. A partir d\u2019un petit logiciel de dessin architectural libre, il dessine le nouveau plan de sa maison en tenant compte de l\u2019existant, se fait aider pour les calculs de structure, recrute des artisans et fait r\u00e9aliser la modification de la maison. Le r\u00e9sultat \u00e9tait tout simplement impressionnant.<\/p>\n<p>[\/vc_column_text][\/vc_column][vc_column width=\u00a0\u00bb1\/2&Prime;][vc_empty_space height=\u00a0\u00bb64px\u00a0\u00bb]<div class=\"mgt-promo-block white-text cover-image text-size-normal no-darken mgt-promo-block-80547717583 wpb_content_element\" data-style=\"background-image: url(https:\/\/sia-sarl.com\/wp-content\/uploads\/2022\/02\/IMAGES-02-_NOTRE-HISTOIRE.jpg);background-repeat: no-repeat;width: 100%; height: 350px;\"><div class=\"mgt-promo-block-content\"><div class=\"mgt-promo-block-content-inside\"><\/div><\/div><\/div>[\/vc_column][\/vc_row][vc_row][vc_column][vc_column_text]<\/p>\n<p style=\"text-align: justify; font-size: 15px;\">Apr\u00e8s ce coup d\u2019essai r\u00e9ussi, il se mu en conseiller pour plusieurs de ses amis et connaissances qui sont sur le point de d\u00e9marrer des projets similaires.Au bout de quelques ann\u00e9es, la passion des BTP, commence \u00e0 prendre le dessus sur les Syst\u00e8mes d\u2019information entrainant naturellement la cr\u00e9ation de la SOCIETE D\u2019INGENIERIE EN AFRIQUE, qui a pour vocation de s\u2019implanter durablement dans l\u2019\u00e9cosyst\u00e8me des entreprises en C\u00f4te d\u2019Ivoire et se donner ensuite les moyens d\u2019aller \u00e0 la conqu\u00eate de l\u2019Afrique.<\/p>\n<p>[\/vc_column_text][vc_empty_space height=\u00a0\u00bb20px\u00a0\u00bb][\/vc_column][\/vc_row][vc_row css=\u00a0\u00bb.vc_custom_1466500844349{margin-bottom: 80px !important;}\u00a0\u00bb][vc_column]<div class=\"mgt-cta-block clearfix parallax white-text with-text wpb_content_element\" data-style=\"background:  url(https:\/\/sia-sarl.com\/wp-content\/uploads\/2022\/01\/Demande-de-DEVIS.png) no-repeat;\"><div class=\"mgt-button-wrapper mgt-button-wrapper-align-right mgt-button-wrapper-display-newline mgt-button-top-margin-disable\"><a class=\"btn hvr-sweep-to-top mgt-button mgt-style-solid mgt-size-normal mgt-align-right mgt-display-newline mgt-text-size-normal mgt-button-icon-position-left mgt-text-transform-uppercase \" href=\"http:\/\/sia-sarl.com\/index.php\/devis\/\">Je demande un devis<\/a><\/div><h5 class=\"mgt-cta-block-header\">BESOIN D&#039;UN DEVIS ?<\/h5><div class=\"mgt-cta-block-content\"><span style=\"font-weight: 400;color: #ffffff\">Nos \u00e9quipes commerciales et techniques sont \u00e0 votre disposition pour tous vos besoins et projets<\/span><\/div><\/div>[\/vc_column][\/vc_row]<\/p>\n","protected":false},"excerpt":{"rendered":"<p>[vc_row equal_height=\u00a0\u00bbyes\u00a0\u00bb css=\u00a0\u00bb.vc_custom_1464263823580{margin-bottom: 30px !important;}\u00a0\u00bb][vc_column width=\u00a0\u00bb1\/2&Prime;][vc_column_text] SIA, SOCIETE D\u2019INGENIERIE EN AFRIQUE est SARL qui existe en C\u00f4te d\u2019Ivoire depuis Mars 2015 et qui ambitionne de devenir \u00e0 moyen terme un&#8230;<\/p>\n","protected":false},"author":1,"featured_media":0,"parent":0,"menu_order":0,"comment_status":"closed","ping_status":"closed","template":"","meta":[],"_links":{"self":[{"href":"https:\/\/sia-sarl.com\/index.php\/wp-json\/wp\/v2\/pages\/3487"}],"collection":[{"href":"https:\/\/sia-sarl.com\/index.php\/wp-json\/wp\/v2\/pages"}],"about":[{"href":"https:\/\/sia-sarl.com\/index.php\/wp-json\/wp\/v2\/types\/page"}],"author":[{"embeddable":true,"href":"https:\/\/sia-sarl.com\/index.php\/wp-json\/wp\/v2\/users\/1"}],"replies":[{"embeddable":true,"href":"https:\/\/sia-sarl.com\/index.php\/wp-json\/wp\/v2\/comments?post=3487"}],"version-history":[{"count":33,"href":"https:\/\/sia-sarl.com\/index.php\/wp-json\/wp\/v2\/pages\/3487\/revisions"}],"predecessor-version":[{"id":3934,"href":"https:\/\/sia-sarl.com\/index.php\/wp-json\/wp\/v2\/pages\/3487\/revisions\/3934"}],"wp:attachment":[{"href":"https:\/\/sia-sarl.com\/index.php\/wp-json\/wp\/v2\/media?parent=3487"}],"curies":[{"name":"wp","href":"https:\/\/api.w.org\/{rel}","templated":true}]}}