{"id":3423,"date":"2021-11-26T11:01:12","date_gmt":"2021-11-26T10:01:12","guid":{"rendered":"http:\/\/sia-sarl.com\/?page_id=3423"},"modified":"2022-02-08T11:21:44","modified_gmt":"2022-02-08T10:21:44","slug":"renovation-et-design-dinterieur","status":"publish","type":"page","link":"https:\/\/sia-sarl.com\/index.php\/renovation-et-design-dinterieur\/","title":{"rendered":"R\u00e9novation et Design d\u2019int\u00e9rieur"},"content":{"rendered":"<p>[vc_row][vc_column width=\u00a0\u00bb1\/2&Prime; css=\u00a0\u00bb.vc_custom_1460641256688{margin-right: 0px !important;padding-right: 0px !important;}\u00a0\u00bb]<style scoped='scoped'>.mgt-promo-block-36261014417.mgt-promo-block .mgt-promo-block-content h2 {font-size: 30px;line-height: normal!important;}<\/style><div class=\"mgt-promo-block black-text text-size-normal no-darken mgt-promo-block-36261014417 wpb_content_element\" data-style=\"background-color: #f5f5f5;width: 100%; height: 400px;\"><div class=\"mgt-promo-block-content\"><div class=\"mgt-promo-block-content-inside vc_custom_1643937086072\">\n<h4>SIA SARL<\/h4>\n<h3 style=\"text-align: left;font-size: 26px\"><strong>Se r\u00e9inventer<\/strong><\/h3>\nOn a tous envie \u00e0 un moment donn\u00e9 de notre existence, de faire le vide dans notre esprit, de tout r\u00e9am\u00e9nager et r\u00e9nover notre mindset. Eh bien, tel est le cas de notre habitat personnel qui a lui aussi besoin de surfer dans ce courant d\u2019illumination.<\/div><\/div><\/div>[\/vc_column][vc_column width=\u00a0\u00bb1\/2&Prime; css=\u00a0\u00bb.vc_custom_1460641327282{margin-left: 0px !important;padding-left: 0px !important;}\u00a0\u00bb]<style scoped='scoped'>.mgt-promo-block-36261014317.mgt-promo-block .mgt-promo-block-content h2 {font-size: 30px;line-height: normal!important;}<\/style><div class=\"mgt-promo-block black-text cover-image text-size-normal no-darken mgt-promo-block-36261014317 wpb_content_element\" data-style=\"background-color: #f5f5f5;background-image: url(https:\/\/sia-sarl.com\/wp-content\/uploads\/2022\/02\/design-interieur.jpg);background-repeat: no-repeat;width: 100%; height: 400px;\"><div class=\"mgt-promo-block-content\"><div class=\"mgt-promo-block-content-inside\"><\/div><\/div><\/div>[\/vc_column][\/vc_row][vc_row][vc_column][vc_empty_space height=\u00a0\u00bb30px\u00a0\u00bb][\/vc_column][\/vc_row][vc_row css=\u00a0\u00bb.vc_custom_1460536155154{margin-right: -25px !important;margin-left: -15px !important;}\u00a0\u00bb][vc_column][vc_images_carousel images=\u00a0\u00bb3916,3917,3918,3919,3920,3921,3922&Prime; img_size=\u00a0\u00bbfull\u00a0\u00bb slides_per_view=\u00a0\u00bb3&Prime; hide_pagination_control=\u00a0\u00bbyes\u00a0\u00bb wrap=\u00a0\u00bbyes\u00a0\u00bb css=\u00a0\u00bb.vc_custom_1644315656283{margin-left: -10px !important;}\u00a0\u00bb][\/vc_column][\/vc_row][vc_row][vc_column]<div class=\"mgt-header-block clearfix text-left text-black wpb_content_element  mgt-header-block-style-1 mgt-header-texttransform-none  vc_custom_1643937135819\"><h3 class=\"mgt-header-block-title\">Donner vie \u00e0 vos envies<\/h3><div class=\"mgt-header-line\"><\/div><\/div>[vc_column_text]A SIA, nous vous accompagnons lorsque vous pr\u00e9voyez de r\u00e9nover votre espace de vie tout en vous permettant selon votre bourse, de donner vie \u00e0 vos envies et de maximiser la r\u00e9ussite de votre projet.<\/p>\n<p>\u00ab Avec SIA, faites de vos r\u00eaves d\u2019habitation, une r\u00e9alit\u00e9 !\u00bb[\/vc_column_text][\/vc_column][\/vc_row][vc_row][vc_column][vc_separator][\/vc_column][\/vc_row][vc_row][vc_column width=\u00a0\u00bb1\/2&Prime;]<div class=\"mgt-header-block clearfix text-left text-black wpb_content_element  mgt-header-block-style-1 mgt-header-texttransform-none  vc_custom_1643937183737\"><h3 class=\"mgt-header-block-title\">Processus et \u00e9tapes<\/h3><div class=\"mgt-header-line\"><\/div><\/div>[vc_column_text]We remain true to the same principles on which our company was founded over a hundred years ago: providing superior service to our clients, putting safety first, creating opportunities for our people, delivering exceptional work, fostering innovation, acting with integrity, and strengthening our communities.<\/p>\n<p>Construction is the process of constructing a building or infrastructure. Construction differs from manufacturing in that manufacturing typically involves mass production of similar items without a designated purchaser.[\/vc_column_text][\/vc_column][vc_column width=\u00a0\u00bb1\/2&Prime;]<div class=\"mgt-header-block clearfix text-left text-black wpb_content_element  mgt-header-block-style-1 mgt-header-texttransform-none  vc_custom_1643937202541\"><h3 class=\"mgt-header-block-title\">Strat\u00e9gie<\/h3><div class=\"mgt-header-line\"><\/div><\/div>[vc_column_text]Construction as an industry comprises six to nine percent of the gross domestic product of developed countries. Construction starts with planning, design, and financing and continues until the project is built and ready for use.[\/vc_column_text][vc_tta_accordion color=\u00a0\u00bbblack\u00a0\u00bb c_position=\u00a0\u00bbright\u00a0\u00bb active_section=\u00a0\u00bb1&Prime;][vc_tta_section title=\u00a0\u00bbOUR COMPANY MISSION\u00a0\u00bb tab_id=\u00a0\u00bb1460465137169-8fa3dffe-29f8cfbc-5acc\u00a0\u00bb][vc_column_text]We connect expertise across services, markets, and geographies to deliver transformative outcomes. Worldwide, we design, build, finance, operate and manage projects and programs that unlock opportunities.[\/vc_column_text][\/vc_tta_section][vc_tta_section title=\u00a0\u00bbHONEST AND DEPENDANLE\u00a0\u00bb tab_id=\u00a0\u00bb1460465137231-ccbe90e5-99f5cfbc-5acc\u00a0\u00bb][vc_column_text]Embedded in our culture of hard work, honesty, and getting the well done job, our history tells not only much about our past but also it does our present.\u0435 Our record of succeeding, surviving, and striving to be the best is central to our reputation today.[\/vc_column_text][\/vc_tta_section][vc_tta_section title=\u00a0\u00bbOUR QUALITY\u00a0\u00bb tab_id=\u00a0\u00bb1460465338888-dfc970d8-6647cfbc-5acc\u00a0\u00bb][vc_progress_bar bgcolor=\u00a0\u00bbbar_orange\u00a0\u00bb options=\u00a0\u00bbstriped,animated\u00a0\u00bb units=\u00a0\u00bb%\u00a0\u00bb][\/vc_tta_section][\/vc_tta_accordion][\/vc_column][\/vc_row][vc_row][vc_column][vc_separator][\/vc_column][\/vc_row][vc_row css=\u00a0\u00bb.vc_custom_1466500844349{margin-bottom: 80px !important;}\u00a0\u00bb][vc_column]<div class=\"mgt-cta-block clearfix parallax white-text with-text wpb_content_element\" data-style=\"background:  url(https:\/\/sia-sarl.com\/wp-content\/uploads\/2022\/01\/Demande-de-DEVIS.png) no-repeat;\"><div class=\"mgt-button-wrapper mgt-button-wrapper-align-right mgt-button-wrapper-display-newline mgt-button-top-margin-disable\"><a class=\"btn hvr-sweep-to-top mgt-button mgt-style-solid mgt-size-normal mgt-align-right mgt-display-newline mgt-text-size-normal mgt-button-icon-position-left mgt-text-transform-uppercase \" href=\"http:\/\/sia-sarl.com\/index.php\/devis\/\">Je demande un devis<\/a><\/div><h5 class=\"mgt-cta-block-header\">BESOIN D&#039;UN DEVIS ?<\/h5><div class=\"mgt-cta-block-content\"><span style=\"font-weight: 400;color: #ffffff\">Nos \u00e9quipes commerciales et techniques sont \u00e0 votre disposition pour tous vos besoins et projets<\/span><\/div><\/div>[\/vc_column][\/vc_row][vc_row][vc_column][vc_empty_space][\/vc_column][\/vc_row]<\/p>\n","protected":false},"excerpt":{"rendered":"<p>[vc_row][vc_column width=\u00a0\u00bb1\/2&Prime; css=\u00a0\u00bb.vc_custom_1460641256688{margin-right: 0px !important;padding-right: 0px !important;}\u00a0\u00bb][\/vc_column][vc_column width=\u00a0\u00bb1\/2&Prime; css=\u00a0\u00bb.vc_custom_1460641327282{margin-left: 0px !important;padding-left: 0px !important;}\u00a0\u00bb][\/vc_column][\/vc_row][vc_row][vc_column][vc_empty_space height=\u00a0\u00bb30px\u00a0\u00bb][\/vc_column][\/vc_row][vc_row css=\u00a0\u00bb.vc_custom_1460536155154{margin-right: -25px !important;margin-left: -15px !important;}\u00a0\u00bb][vc_column][vc_images_carousel images=\u00a0\u00bb3916,3917,3918,3919,3920,3921,3922&Prime; img_size=\u00a0\u00bbfull\u00a0\u00bb slides_per_view=\u00a0\u00bb3&Prime; hide_pagination_control=\u00a0\u00bbyes\u00a0\u00bb wrap=\u00a0\u00bbyes\u00a0\u00bb css=\u00a0\u00bb.vc_custom_1644315656283{margin-left: -10px !important;}\u00a0\u00bb][\/vc_column][\/vc_row][vc_row][vc_column][vc_column_text]A SIA, nous vous&#8230;<\/p>\n","protected":false},"author":1,"featured_media":0,"parent":0,"menu_order":0,"comment_status":"closed","ping_status":"closed","template":"","meta":[],"_links":{"self":[{"href":"https:\/\/sia-sarl.com\/index.php\/wp-json\/wp\/v2\/pages\/3423"}],"collection":[{"href":"https:\/\/sia-sarl.com\/index.php\/wp-json\/wp\/v2\/pages"}],"about":[{"href":"https:\/\/sia-sarl.com\/index.php\/wp-json\/wp\/v2\/types\/page"}],"author":[{"embeddable":true,"href":"https:\/\/sia-sarl.com\/index.php\/wp-json\/wp\/v2\/users\/1"}],"replies":[{"embeddable":true,"href":"https:\/\/sia-sarl.com\/index.php\/wp-json\/wp\/v2\/comments?post=3423"}],"version-history":[{"count":7,"href":"https:\/\/sia-sarl.com\/index.php\/wp-json\/wp\/v2\/pages\/3423\/revisions"}],"predecessor-version":[{"id":3924,"href":"https:\/\/sia-sarl.com\/index.php\/wp-json\/wp\/v2\/pages\/3423\/revisions\/3924"}],"wp:attachment":[{"href":"https:\/\/sia-sarl.com\/index.php\/wp-json\/wp\/v2\/media?parent=3423"}],"curies":[{"name":"wp","href":"https:\/\/api.w.org\/{rel}","templated":true}]}}