{"id":3400,"date":"2021-11-10T15:58:58","date_gmt":"2021-11-10T14:58:58","guid":{"rendered":"http:\/\/sia-sarl.com\/?page_id=3400"},"modified":"2022-02-09T11:07:00","modified_gmt":"2022-02-09T10:07:00","slug":"etudes-et-ingenierie","status":"publish","type":"page","link":"https:\/\/sia-sarl.com\/index.php\/etudes-et-ingenierie\/","title":{"rendered":"ETUDES ET INGENIERIE"},"content":{"rendered":"<p>[vc_row][vc_column width=\u00a0\u00bb1\/2&Prime; css=\u00a0\u00bb.vc_custom_1460641256688{margin-right: 0px !important;padding-right: 0px !important;}\u00a0\u00bb]<style scoped='scoped'>.mgt-promo-block-36261014417.mgt-promo-block .mgt-promo-block-content h2 {font-size: 30px;line-height: normal!important;}<\/style><div class=\"mgt-promo-block black-text text-size-normal no-darken mgt-promo-block-36261014417 wpb_content_element\" data-style=\"background-color: #f5f5f5;width: 100%; height: 400px;\"><div class=\"mgt-promo-block-content\"><div class=\"mgt-promo-block-content-inside vc_custom_1643936242119\">\n<h4>SIA SARL<\/h4>\n<h3 style=\"text-align: left;font-size: 26px\"><strong>Gestion efficace<\/strong><\/h3>\nL\u2019\u00e9tape d\u2019\u00e9tude et d\u2019ing\u00e9nierie est le moteur de l\u2019\u00e9closion sur terrain de tout projet car sans conception et \u00e9tudes nous sommes tel un aveugle ne sachant comment organiser ses pas.<\/div><\/div><\/div>[\/vc_column][vc_column width=\u00a0\u00bb1\/2&Prime; css=\u00a0\u00bb.vc_custom_1460641327282{margin-left: 0px !important;padding-left: 0px !important;}\u00a0\u00bb]<style scoped='scoped'>.mgt-promo-block-36261014317.mgt-promo-block .mgt-promo-block-content h2 {font-size: 30px;line-height: normal!important;}<\/style><div class=\"mgt-promo-block black-text cover-image text-size-normal no-darken mgt-promo-block-36261014317 wpb_content_element\" data-style=\"background-color: #f5f5f5;background-image: url(https:\/\/sia-sarl.com\/wp-content\/uploads\/2022\/02\/Creer-une-entreprise-de-batiment-travaux-publics-1.jpg);background-repeat: no-repeat;width: 100%; height: 400px;\"><div class=\"mgt-promo-block-content\"><div class=\"mgt-promo-block-content-inside\"><\/div><\/div><\/div>[\/vc_column][\/vc_row][vc_row][vc_column][vc_empty_space height=\u00a0\u00bb30px\u00a0\u00bb][\/vc_column][\/vc_row][vc_row css=\u00a0\u00bb.vc_custom_1460536155154{margin-right: -25px !important;margin-left: -15px !important;}\u00a0\u00bb][vc_column][vc_images_carousel images=\u00a0\u00bb3938,3939,3940,3941&Prime; img_size=\u00a0\u00bbfull\u00a0\u00bb slides_per_view=\u00a0\u00bb3&Prime; hide_pagination_control=\u00a0\u00bbyes\u00a0\u00bb wrap=\u00a0\u00bbyes\u00a0\u00bb css=\u00a0\u00bb.vc_custom_1644401156784{margin-left: -10px !important;}\u00a0\u00bb][\/vc_column][\/vc_row][vc_row][vc_column]<div class=\"mgt-header-block clearfix text-left text-black wpb_content_element  mgt-header-block-style-1 mgt-header-texttransform-none  vc_custom_1643936302199\"><h3 class=\"mgt-header-block-title\">Comp\u00e9tence et rigueur<\/h3><div class=\"mgt-header-line\"><\/div><\/div>[vc_column_text]SIA combine connaissance du climat des affaires en Afrique et excellente compr\u00e9hension des opportunit\u00e9s pour aboutir \u00e0 des solutions innovantes, sources de diff\u00e9renciation pour nos clients.<\/p>\n<p>Nous proposons une offre de service de qualit\u00e9 m\u00ealant l\u2019excellence, la rigueur et la flexibilit\u00e9 d\u2019une structure \u00e0 visage humain vivant au quotidien les d\u00e9fis et combats de l\u2019entrepreneur africain.<\/p>\n<p>Nos \u00e9quipes exp\u00e9riment\u00e9es peuvent vous accompagner dans l\u2019\u00e9laboration des projets d&rsquo;ouvrage et de construction et \u00e9tudier des proc\u00e9d\u00e9s techniques, les modes constructifs, les co\u00fbts.<\/p>\n<p>Nous R\u00e9alisons les \u00e9tudes d&rsquo;ex\u00e9cution des travaux et effectuons le suivi technique et \u00e9conomique du projet.[\/vc_column_text][\/vc_column][\/vc_row][vc_row][vc_column][vc_separator][\/vc_column][\/vc_row][vc_row][vc_column width=\u00a0\u00bb1\/2&Prime;]<div class=\"mgt-header-block clearfix text-left text-black wpb_content_element  mgt-header-block-style-1 mgt-header-texttransform-none  vc_custom_1643936409485\"><h3 class=\"mgt-header-block-title\">De l\u2019\u00e9coute des besoins du client \u00e0 la conception des plans d\u2019architectures<\/h3><div class=\"mgt-header-line\"><\/div><\/div>[vc_column_text]Nous fournissons dans cette rubrique\u00a0:<\/p>\n<p>&#8211;<strong>Des vues en plan et des vues isom\u00e9triques 3D.<\/strong><\/p>\n<p>L\u2019une de nos particularit\u00e9s \u00e0 SIA est notre capacit\u00e9 \u00e0 innover et \u00e0 faire r\u00eaver le client, \u00e0 cet effet nous pr\u00e9sentons nos diff\u00e9rentes conceptions architecturales de fa\u00e7on professionnelle et avec une qualit\u00e9 de rendu de pointe \u00e0 vous couper le souffle.<\/p>\n<p><strong>-Des coupes et fa\u00e7ades<\/strong><\/p>\n<p>Toujours dans cette veine d\u2019innovation SIA se d\u00e9marque pour donner vie \u00e0 vos envies. Nous vous fournissons des coupes et des fa\u00e7ades en style 2D et 3D.<\/p>\n<p>&#8211;<strong>Des vues en 3D et animations (film) en 3D de vos projets<\/strong>. (Voir images)[\/vc_column_text][\/vc_column][vc_column width=\u00a0\u00bb1\/2&Prime;]<div class=\"mgt-header-block clearfix text-left text-black wpb_content_element  mgt-header-block-style-1 mgt-header-texttransform-none  vc_custom_1643936902895\"><h3 class=\"mgt-header-block-title\">Elaboration des diff\u00e9rents lots de plans d\u2019ex\u00e9cution<\/h3><div class=\"mgt-header-line\"><\/div><\/div>[vc_column_text]Nous \u00e9tablissons dans cette rubrique\u00a0:[\/vc_column_text][vc_tta_accordion color=\u00a0\u00bbblack\u00a0\u00bb c_position=\u00a0\u00bbright\u00a0\u00bb active_section=\u00a0\u00bb1&Prime;][vc_tta_section title=\u00a0\u00bbDES PLANS DE STRUCTURES BETON\u00a0\u00bb tab_id=\u00a0\u00bb1460465137169-8fa3dffe-29f8cfbc-5acc\u00a0\u00bb][vc_column_text]Etape primordiale dans les \u00e9tudes d\u2019ing\u00e9nierie b\u00e2timent, les plans de structures b\u00e9ton assurent la solidit\u00e9 parfaite de vos \u00e9difices, vous mettant \u00e0 l\u2019abri de l\u2019effondrement \u00e9ventuel de votre ouvrage, engrangeant avec lui son lot de drame et de pertes.[\/vc_column_text][\/vc_tta_section][vc_tta_section title=\u00a0\u00bbDES PLANS D\u2019ELECTRICITE\u00a0\u00bb tab_id=\u00a0\u00bb1460465137231-ccbe90e5-99f5cfbc-5acc\u00a0\u00bb][vc_column_text]Embedded in our culture of hard work, honesty, and getting the well done job, our history tells not only much about our past but also it does our present.\u0435 Our record of succeeding, surviving, and striving to be the best is central to our reputation today.[\/vc_column_text][\/vc_tta_section][vc_tta_section title=\u00a0\u00bbDES PLANS D\u2019ASSAINISSEMENT\u00a0\u00bb tab_id=\u00a0\u00bb1460465338888-dfc970d8-6647cfbc-5acc\u00a0\u00bb][vc_progress_bar bgcolor=\u00a0\u00bbbar_orange\u00a0\u00bb options=\u00a0\u00bbstriped,animated\u00a0\u00bb units=\u00a0\u00bb%\u00a0\u00bb][\/vc_tta_section][\/vc_tta_accordion][\/vc_column][\/vc_row][vc_row][vc_column][vc_separator][\/vc_column][\/vc_row][vc_row css=\u00a0\u00bb.vc_custom_1466500844349{margin-bottom: 80px !important;}\u00a0\u00bb][vc_column]<div class=\"mgt-cta-block clearfix parallax white-text with-text wpb_content_element\" data-style=\"background:  url(https:\/\/sia-sarl.com\/wp-content\/uploads\/2022\/01\/Demande-de-DEVIS.png) no-repeat;\"><div class=\"mgt-button-wrapper mgt-button-wrapper-align-right mgt-button-wrapper-display-newline mgt-button-top-margin-disable\"><a class=\"btn hvr-sweep-to-top mgt-button mgt-style-solid mgt-size-normal mgt-align-right mgt-display-newline mgt-text-size-normal mgt-button-icon-position-left mgt-text-transform-uppercase \" href=\"http:\/\/sia-sarl.com\/index.php\/devis\/\">Je demande un devis<\/a><\/div><h5 class=\"mgt-cta-block-header\">BESOIN D&#039;UN DEVIS ?<\/h5><div class=\"mgt-cta-block-content\"><span style=\"font-weight: 400;color: #ffffff\">Nos \u00e9quipes commerciales et techniques sont \u00e0 votre disposition pour tous vos besoins et projets<\/span><\/div><\/div>[\/vc_column][\/vc_row][vc_row][vc_column][vc_empty_space][\/vc_column][\/vc_row]<\/p>\n","protected":false},"excerpt":{"rendered":"<p>[vc_row][vc_column width=\u00a0\u00bb1\/2&Prime; css=\u00a0\u00bb.vc_custom_1460641256688{margin-right: 0px !important;padding-right: 0px !important;}\u00a0\u00bb][\/vc_column][vc_column width=\u00a0\u00bb1\/2&Prime; css=\u00a0\u00bb.vc_custom_1460641327282{margin-left: 0px !important;padding-left: 0px !important;}\u00a0\u00bb][\/vc_column][\/vc_row][vc_row][vc_column][vc_empty_space height=\u00a0\u00bb30px\u00a0\u00bb][\/vc_column][\/vc_row][vc_row css=\u00a0\u00bb.vc_custom_1460536155154{margin-right: -25px !important;margin-left: -15px !important;}\u00a0\u00bb][vc_column][vc_images_carousel images=\u00a0\u00bb3938,3939,3940,3941&Prime; img_size=\u00a0\u00bbfull\u00a0\u00bb slides_per_view=\u00a0\u00bb3&Prime; hide_pagination_control=\u00a0\u00bbyes\u00a0\u00bb wrap=\u00a0\u00bbyes\u00a0\u00bb css=\u00a0\u00bb.vc_custom_1644401156784{margin-left: -10px !important;}\u00a0\u00bb][\/vc_column][\/vc_row][vc_row][vc_column][vc_column_text]SIA combine connaissance du&#8230;<\/p>\n","protected":false},"author":1,"featured_media":0,"parent":0,"menu_order":0,"comment_status":"closed","ping_status":"closed","template":"","meta":[],"_links":{"self":[{"href":"https:\/\/sia-sarl.com\/index.php\/wp-json\/wp\/v2\/pages\/3400"}],"collection":[{"href":"https:\/\/sia-sarl.com\/index.php\/wp-json\/wp\/v2\/pages"}],"about":[{"href":"https:\/\/sia-sarl.com\/index.php\/wp-json\/wp\/v2\/types\/page"}],"author":[{"embeddable":true,"href":"https:\/\/sia-sarl.com\/index.php\/wp-json\/wp\/v2\/users\/1"}],"replies":[{"embeddable":true,"href":"https:\/\/sia-sarl.com\/index.php\/wp-json\/wp\/v2\/comments?post=3400"}],"version-history":[{"count":9,"href":"https:\/\/sia-sarl.com\/index.php\/wp-json\/wp\/v2\/pages\/3400\/revisions"}],"predecessor-version":[{"id":3796,"href":"https:\/\/sia-sarl.com\/index.php\/wp-json\/wp\/v2\/pages\/3400\/revisions\/3796"}],"wp:attachment":[{"href":"https:\/\/sia-sarl.com\/index.php\/wp-json\/wp\/v2\/media?parent=3400"}],"curies":[{"name":"wp","href":"https:\/\/api.w.org\/{rel}","templated":true}]}}