{"id":3399,"date":"2021-11-10T15:57:48","date_gmt":"2021-11-10T14:57:48","guid":{"rendered":"http:\/\/sia-sarl.com\/?page_id=3399"},"modified":"2022-02-08T11:27:40","modified_gmt":"2022-02-08T10:27:40","slug":"production-de-briques-et-tuiles","status":"publish","type":"page","link":"https:\/\/sia-sarl.com\/index.php\/production-de-briques-et-tuiles\/","title":{"rendered":"PRODUCTION DE BRIQUES ET TUILES"},"content":{"rendered":"<p>[vc_row][vc_column width=\u00a0\u00bb1\/2&Prime; css=\u00a0\u00bb.vc_custom_1460641256688{margin-right: 0px !important;padding-right: 0px !important;}\u00a0\u00bb]<style scoped='scoped'>.mgt-promo-block-36261014417.mgt-promo-block .mgt-promo-block-content h2 {font-size: 30px;line-height: normal!important;}<\/style><div class=\"mgt-promo-block black-text text-size-normal no-darken mgt-promo-block-36261014417 wpb_content_element\" data-style=\"background-color: #f5f5f5;width: 100%; height: 400px;\"><div class=\"mgt-promo-block-content\"><div class=\"mgt-promo-block-content-inside vc_custom_1643935774610\">\n<h4>SIA SARL<\/h4>\n<h3 style=\"text-align: left;font-size: 26px\"><strong>Offre sur mesure<\/strong><\/h3>\nNous vous accompagnons, toujours avec des solutions innovantes et surtout adapt\u00e9es \u00e0 votre budget par notre capacit\u00e9 \u00e0 produire nous-m\u00eame des mat\u00e9riaux de construction de qualit\u00e9 dans l\u2019ex\u00e9cution de nos projets.<\/div><\/div><\/div>[\/vc_column][vc_column width=\u00a0\u00bb1\/2&Prime; css=\u00a0\u00bb.vc_custom_1460641327282{margin-left: 0px !important;padding-left: 0px !important;}\u00a0\u00bb]<style scoped='scoped'>.mgt-promo-block-36261014317.mgt-promo-block .mgt-promo-block-content h2 {font-size: 30px;line-height: normal!important;}<\/style><div class=\"mgt-promo-block black-text cover-image text-size-normal no-darken mgt-promo-block-36261014317 wpb_content_element\" data-style=\"background-color: #f5f5f5;background-image: url(https:\/\/sia-sarl.com\/wp-content\/uploads\/2022\/02\/WhatsApp-Image-2022-02-04-at-13.00.54-1.jpg);background-repeat: no-repeat;width: 100%; height: 400px;\"><div class=\"mgt-promo-block-content\"><div class=\"mgt-promo-block-content-inside\"><\/div><\/div><\/div>[\/vc_column][\/vc_row][vc_row][vc_column][vc_empty_space height=\u00a0\u00bb30px\u00a0\u00bb][\/vc_column][\/vc_row][vc_row css=\u00a0\u00bb.vc_custom_1460536155154{margin-right: -25px !important;margin-left: -15px !important;}\u00a0\u00bb][vc_column][vc_images_carousel images=\u00a0\u00bb3927,3928,3929,3930,3931,3932&Prime; img_size=\u00a0\u00bbfull\u00a0\u00bb slides_per_view=\u00a0\u00bb3&Prime; hide_pagination_control=\u00a0\u00bbyes\u00a0\u00bb wrap=\u00a0\u00bbyes\u00a0\u00bb css=\u00a0\u00bb.vc_custom_1644316057145{margin-left: -10px !important;}\u00a0\u00bb][\/vc_column][\/vc_row][vc_row][vc_column]<div class=\"mgt-header-block clearfix text-left text-black wpb_content_element  mgt-header-block-style-1 mgt-header-texttransform-none  vc_custom_1643935839012\"><h3 class=\"mgt-header-block-title\">Partenaire fiable<\/h3><div class=\"mgt-header-line\"><\/div><\/div>[vc_column_text]Nous sommes dot\u00e9s de notre propre unit\u00e9 de production de mat\u00e9riaux de construction fabriquant les agglos, les tuiles, les pav\u00e9s et bordures de trottoirs et notre r\u00e9seau de fournisseurs partenaires assurent un approvisionnement r\u00e9gulier de nos chantiers en mat\u00e9riaux.<\/p>\n<p>Nous produisons des mat\u00e9riaux de qualit\u00e9 que nous utilisons dans l\u2019ex\u00e9cution de nos propres projets.<\/p>\n<p>Nous fournissons \u00e9galement ces mat\u00e9riaux du b\u00e2timent et des travaux publics \u00e0 plusieurs professionnels du secteur<\/p>\n<p>Nous produisons diff\u00e9rents types de mat\u00e9riaux en b\u00e9ton pour la<\/p>\n<p>Construction de b\u00e2timents et l\u2019\u00e9quipement des routes :<\/p>\n<p>&#8211;\u00a0\u00a0\u00a0\u00a0\u00a0\u00a0\u00a0 Les agglos<\/p>\n<p>&#8211;\u00a0\u00a0\u00a0\u00a0\u00a0\u00a0\u00a0 Les pav\u00e9s<\/p>\n<p>&#8211;\u00a0\u00a0\u00a0\u00a0\u00a0\u00a0\u00a0 Les tuiles<\/p>\n<p>&#8211;\u00a0\u00a0\u00a0\u00a0\u00a0\u00a0\u00a0 Les bordures de trottoirs<\/p>\n<p>&#8211;\u00a0\u00a0\u00a0\u00a0\u00a0\u00a0\u00a0 Bient\u00f4t les buses, caniveaux et poteaux \u00e9lectriques<\/p>\n<p>En tr\u00e8s peu de temps notre s\u00e9rieux et la qualit\u00e9 de nos prestations nous ont positionn\u00e9s comme un op\u00e9rateur de confiance du secteur.[\/vc_column_text][\/vc_column][\/vc_row][vc_row][vc_column][vc_separator][\/vc_column][\/vc_row][vc_row][vc_column width=\u00a0\u00bb1\/2&Prime;]<div class=\"mgt-header-block clearfix text-left text-black wpb_content_element  mgt-header-block-style-1 mgt-header-texttransform-none  vc_custom_1643935954835\"><h3 class=\"mgt-header-block-title\">Processus et \u00e9tapes<\/h3><div class=\"mgt-header-line\"><\/div><\/div>[vc_column_text]We remain true to the same principles on which our company was founded over a hundred years ago: providing superior service to our clients, putting safety first, creating opportunities for our people, delivering exceptional work, fostering innovation, acting with integrity, and strengthening our communities.<\/p>\n<p>Construction is the process of constructing a building or infrastructure. Construction differs from manufacturing in that manufacturing typically involves mass production of similar items without a designated purchaser.[\/vc_column_text][\/vc_column][vc_column width=\u00a0\u00bb1\/2&Prime;]<div class=\"mgt-header-block clearfix text-left text-black wpb_content_element  mgt-header-block-style-1 mgt-header-texttransform-none  vc_custom_1643935969478\"><h3 class=\"mgt-header-block-title\">Strat\u00e9gie<\/h3><div class=\"mgt-header-line\"><\/div><\/div>[vc_column_text]Construction as an industry comprises six to nine percent of the gross domestic product of developed countries. Construction starts with planning, design, and financing and continues until the project is built and ready for use.[\/vc_column_text][vc_tta_accordion color=\u00a0\u00bbblack\u00a0\u00bb c_position=\u00a0\u00bbright\u00a0\u00bb active_section=\u00a0\u00bb1&Prime;][vc_tta_section title=\u00a0\u00bbOUR COMPANY MISSION\u00a0\u00bb tab_id=\u00a0\u00bb1460465137169-8fa3dffe-29f8cfbc-5acc\u00a0\u00bb][vc_column_text]We connect expertise across services, markets, and geographies to deliver transformative outcomes. Worldwide, we design, build, finance, operate and manage projects and programs that unlock opportunities.[\/vc_column_text][\/vc_tta_section][vc_tta_section title=\u00a0\u00bbHONEST AND DEPENDANLE\u00a0\u00bb tab_id=\u00a0\u00bb1460465137231-ccbe90e5-99f5cfbc-5acc\u00a0\u00bb][vc_column_text]Embedded in our culture of hard work, honesty, and getting the well done job, our history tells not only much about our past but also it does our present.\u0435 Our record of succeeding, surviving, and striving to be the best is central to our reputation today.[\/vc_column_text][\/vc_tta_section][vc_tta_section title=\u00a0\u00bbOUR QUALITY\u00a0\u00bb tab_id=\u00a0\u00bb1460465338888-dfc970d8-6647cfbc-5acc\u00a0\u00bb][vc_progress_bar bgcolor=\u00a0\u00bbbar_orange\u00a0\u00bb options=\u00a0\u00bbstriped,animated\u00a0\u00bb units=\u00a0\u00bb%\u00a0\u00bb][\/vc_tta_section][\/vc_tta_accordion][\/vc_column][\/vc_row][vc_row][vc_column][vc_separator][\/vc_column][\/vc_row][vc_row css=\u00a0\u00bb.vc_custom_1466500844349{margin-bottom: 80px !important;}\u00a0\u00bb][vc_column]<div class=\"mgt-cta-block clearfix parallax white-text with-text wpb_content_element\" data-style=\"background:  url(https:\/\/sia-sarl.com\/wp-content\/uploads\/2022\/01\/Demande-de-DEVIS.png) no-repeat;\"><div class=\"mgt-button-wrapper mgt-button-wrapper-align-right mgt-button-wrapper-display-newline mgt-button-top-margin-disable\"><a class=\"btn hvr-sweep-to-top mgt-button mgt-style-solid mgt-size-normal mgt-align-right mgt-display-newline mgt-text-size-normal mgt-button-icon-position-left mgt-text-transform-uppercase \" href=\"http:\/\/sia-sarl.com\/index.php\/devis\/\">Je demande un devis<\/a><\/div><h5 class=\"mgt-cta-block-header\">BESOIN D&#039;UN DEVIS ?<\/h5><div class=\"mgt-cta-block-content\"><span style=\"font-weight: 400\">Nos \u00e9quipes commerciales et techniques sont \u00e0 votre disposition pour tous vos besoins et projets<\/span><\/div><\/div>[\/vc_column][\/vc_row][vc_row][vc_column][vc_empty_space][\/vc_column][\/vc_row]<\/p>\n","protected":false},"excerpt":{"rendered":"<p>[vc_row][vc_column width=\u00a0\u00bb1\/2&Prime; css=\u00a0\u00bb.vc_custom_1460641256688{margin-right: 0px !important;padding-right: 0px !important;}\u00a0\u00bb][\/vc_column][vc_column width=\u00a0\u00bb1\/2&Prime; css=\u00a0\u00bb.vc_custom_1460641327282{margin-left: 0px !important;padding-left: 0px !important;}\u00a0\u00bb][\/vc_column][\/vc_row][vc_row][vc_column][vc_empty_space height=\u00a0\u00bb30px\u00a0\u00bb][\/vc_column][\/vc_row][vc_row css=\u00a0\u00bb.vc_custom_1460536155154{margin-right: -25px !important;margin-left: -15px !important;}\u00a0\u00bb][vc_column][vc_images_carousel images=\u00a0\u00bb3927,3928,3929,3930,3931,3932&Prime; img_size=\u00a0\u00bbfull\u00a0\u00bb slides_per_view=\u00a0\u00bb3&Prime; hide_pagination_control=\u00a0\u00bbyes\u00a0\u00bb wrap=\u00a0\u00bbyes\u00a0\u00bb css=\u00a0\u00bb.vc_custom_1644316057145{margin-left: -10px !important;}\u00a0\u00bb][\/vc_column][\/vc_row][vc_row][vc_column][vc_column_text]Nous sommes dot\u00e9s de&#8230;<\/p>\n","protected":false},"author":1,"featured_media":0,"parent":0,"menu_order":0,"comment_status":"closed","ping_status":"closed","template":"","meta":[],"_links":{"self":[{"href":"https:\/\/sia-sarl.com\/index.php\/wp-json\/wp\/v2\/pages\/3399"}],"collection":[{"href":"https:\/\/sia-sarl.com\/index.php\/wp-json\/wp\/v2\/pages"}],"about":[{"href":"https:\/\/sia-sarl.com\/index.php\/wp-json\/wp\/v2\/types\/page"}],"author":[{"embeddable":true,"href":"https:\/\/sia-sarl.com\/index.php\/wp-json\/wp\/v2\/users\/1"}],"replies":[{"embeddable":true,"href":"https:\/\/sia-sarl.com\/index.php\/wp-json\/wp\/v2\/comments?post=3399"}],"version-history":[{"count":8,"href":"https:\/\/sia-sarl.com\/index.php\/wp-json\/wp\/v2\/pages\/3399\/revisions"}],"predecessor-version":[{"id":3933,"href":"https:\/\/sia-sarl.com\/index.php\/wp-json\/wp\/v2\/pages\/3399\/revisions\/3933"}],"wp:attachment":[{"href":"https:\/\/sia-sarl.com\/index.php\/wp-json\/wp\/v2\/media?parent=3399"}],"curies":[{"name":"wp","href":"https:\/\/api.w.org\/{rel}","templated":true}]}}