{"id":3397,"date":"2021-11-10T15:56:06","date_gmt":"2021-11-10T14:56:06","guid":{"rendered":"http:\/\/sia-sarl.com\/?page_id=3397"},"modified":"2022-02-08T11:02:51","modified_gmt":"2022-02-08T10:02:51","slug":"constructions-de-batiment","status":"publish","type":"page","link":"https:\/\/sia-sarl.com\/index.php\/constructions-de-batiment\/","title":{"rendered":"Constructions de B\u00e2timent"},"content":{"rendered":"<p>[vc_row][vc_column width=\u00a0\u00bb1\/2&Prime; css=\u00a0\u00bb.vc_custom_1460641256688{margin-right: 0px !important;padding-right: 0px !important;}\u00a0\u00bb]<style scoped='scoped'>.mgt-promo-block-36261014417.mgt-promo-block .mgt-promo-block-content h2 {font-size: 30px;line-height: normal!important;}<\/style><div class=\"mgt-promo-block black-text text-size-normal no-darken mgt-promo-block-36261014417 wpb_content_element\" data-style=\"background-color: #f5f5f5;width: 100%; height: 400px;\"><div class=\"mgt-promo-block-content\"><div class=\"mgt-promo-block-content-inside vc_custom_1643935314392\">\n<h4>SIA SARL<\/h4>\n<h3 style=\"text-align: left;font-size: 26px\"><strong>Solutions innovantes<\/strong><\/h3>\nNous proposons une offre de service de qualit\u00e9 m\u00ealant l\u2019excellence, la rigueur et la flexibilit\u00e9 d\u2019une structure \u00e0 visage humain vivant au quotidien les d\u00e9fis et combats de l\u2019entrepreneur africain.<\/div><\/div><\/div>[\/vc_column][vc_column width=\u00a0\u00bb1\/2&Prime; css=\u00a0\u00bb.vc_custom_1460641327282{margin-left: 0px !important;padding-left: 0px !important;}\u00a0\u00bb]<style scoped='scoped'>.mgt-promo-block-36261014317.mgt-promo-block .mgt-promo-block-content h2 {font-size: 30px;line-height: normal!important;}<\/style><div class=\"mgt-promo-block black-text cover-image text-size-normal no-darken mgt-promo-block-36261014317 wpb_content_element\" data-style=\"background-color: #f5f5f5;background-image: url(https:\/\/sia-sarl.com\/wp-content\/uploads\/2022\/02\/pexels-timur-saglambilek-87223.jpg);background-repeat: no-repeat;width: 100%; height: 400px;\"><div class=\"mgt-promo-block-content\"><div class=\"mgt-promo-block-content-inside\"><\/div><\/div><\/div>[\/vc_column][\/vc_row][vc_row][vc_column][vc_empty_space height=\u00a0\u00bb30px\u00a0\u00bb][\/vc_column][\/vc_row][vc_row css=\u00a0\u00bb.vc_custom_1460536155154{margin-right: -25px !important;margin-left: -15px !important;}\u00a0\u00bb][vc_column][vc_images_carousel images=\u00a0\u00bb3896,3897,3898,3899,3900,3901,3902,3903,3904,3905,3906&Prime; img_size=\u00a0\u00bbfull\u00a0\u00bb slides_per_view=\u00a0\u00bb3&Prime; hide_pagination_control=\u00a0\u00bbyes\u00a0\u00bb wrap=\u00a0\u00bbyes\u00a0\u00bb css=\u00a0\u00bb.vc_custom_1644314561552{margin-left: -10px !important;}\u00a0\u00bb][\/vc_column][\/vc_row][vc_row][vc_column]<div class=\"mgt-header-block clearfix text-left text-black wpb_content_element  mgt-header-block-style-1 mgt-header-texttransform-none  vc_custom_1643935551800\"><h3 class=\"mgt-header-block-title\">Un partenaire privil\u00e9gi\u00e9<\/h3><div class=\"mgt-header-line\"><\/div><\/div>[vc_column_text]SIA dans le domaine de la construction avec ses \u00e9quipes d\u2019ing\u00e9nieurs et de techniciens exp\u00e9riment\u00e9s, op\u00e8re dans la construction de b\u00e2timents de tout type villas basses, duplex, immeubles, etc.<\/p>\n<p>Nous sommes un partenaire privil\u00e9gi\u00e9 des promoteurs immobiliers. Toujours \u00e0 la recherche de la satisfaction de ses clients, SIA met un accent particulier sur :<\/p>\n<p>&#8211;\u00a0\u00a0\u00a0\u00a0\u00a0\u00a0\u00a0 La s\u00e9curit\u00e9 du b\u00e2timent de la fondation aux gros \u0153uvres<\/p>\n<p>La qualit\u00e9 des mat\u00e9riaux de construction \u00e0 utiliser<\/p>\n<p>&#8211;\u00a0\u00a0\u00a0\u00a0\u00a0\u00a0\u00a0 Le respect des normes environnementales<\/p>\n<p>En tr\u00e8s peu de temps notre s\u00e9rieux et la qualit\u00e9 de nos prestations nous ont positionn\u00e9s comme un op\u00e9rateur de confiance du secteur.[\/vc_column_text][\/vc_column][\/vc_row][vc_row][vc_column][vc_separator][\/vc_column][\/vc_row][vc_row][vc_column width=\u00a0\u00bb1\/2&Prime;]<div class=\"mgt-header-block clearfix text-left text-black wpb_content_element  mgt-header-block-style-1 mgt-header-texttransform-none  vc_custom_1643936038645\"><h3 class=\"mgt-header-block-title\">Processus et \u00e9tapes<\/h3><div class=\"mgt-header-line\"><\/div><\/div>[vc_column_text]We remain true to the same principles on which our company was founded over a hundred years ago: providing superior service to our clients, putting safety first, creating opportunities for our people, delivering exceptional work, fostering innovation, acting with integrity, and strengthening our communities.<\/p>\n<p>Construction is the process of constructing a building or infrastructure. Construction differs from manufacturing in that manufacturing typically involves mass production of similar items without a designated purchaser.[\/vc_column_text][\/vc_column][vc_column width=\u00a0\u00bb1\/2&Prime;]<div class=\"mgt-header-block clearfix text-left text-black wpb_content_element  mgt-header-block-style-1 mgt-header-texttransform-none  vc_custom_1643936013241\"><h3 class=\"mgt-header-block-title\">Strat\u00e9gie<\/h3><div class=\"mgt-header-line\"><\/div><\/div>[vc_column_text]Construction as an industry comprises six to nine percent of the gross domestic product of developed countries. Construction starts with planning, design, and financing and continues until the project is built and ready for use.[\/vc_column_text][vc_tta_accordion color=\u00a0\u00bbblack\u00a0\u00bb c_position=\u00a0\u00bbright\u00a0\u00bb active_section=\u00a0\u00bb1&Prime;][vc_tta_section title=\u00a0\u00bbOUR COMPANY MISSION\u00a0\u00bb tab_id=\u00a0\u00bb1460465137169-8fa3dffe-29f8cfbc-5acc\u00a0\u00bb][vc_column_text]We connect expertise across services, markets, and geographies to deliver transformative outcomes. Worldwide, we design, build, finance, operate and manage projects and programs that unlock opportunities.[\/vc_column_text][\/vc_tta_section][vc_tta_section title=\u00a0\u00bbHONEST AND DEPENDANLE\u00a0\u00bb tab_id=\u00a0\u00bb1460465137231-ccbe90e5-99f5cfbc-5acc\u00a0\u00bb][vc_column_text]Embedded in our culture of hard work, honesty, and getting the well done job, our history tells not only much about our past but also it does our present.\u0435 Our record of succeeding, surviving, and striving to be the best is central to our reputation today.[\/vc_column_text][\/vc_tta_section][vc_tta_section title=\u00a0\u00bbOUR QUALITY\u00a0\u00bb tab_id=\u00a0\u00bb1460465338888-dfc970d8-6647cfbc-5acc\u00a0\u00bb][vc_progress_bar bgcolor=\u00a0\u00bbbar_orange\u00a0\u00bb options=\u00a0\u00bbstriped,animated\u00a0\u00bb units=\u00a0\u00bb%\u00a0\u00bb][\/vc_tta_section][\/vc_tta_accordion][\/vc_column][\/vc_row][vc_row][vc_column][vc_separator][\/vc_column][\/vc_row][vc_row css=\u00a0\u00bb.vc_custom_1466500844349{margin-bottom: 80px !important;}\u00a0\u00bb][vc_column]<div class=\"mgt-cta-block clearfix parallax white-text with-text wpb_content_element\" data-style=\"background:  url(https:\/\/sia-sarl.com\/wp-content\/uploads\/2022\/01\/Demande-de-DEVIS.png) no-repeat;\"><div class=\"mgt-button-wrapper mgt-button-wrapper-align-right mgt-button-wrapper-display-newline mgt-button-top-margin-disable\"><a class=\"btn hvr-sweep-to-top mgt-button mgt-style-solid mgt-size-normal mgt-align-right mgt-display-newline mgt-text-size-normal mgt-button-icon-position-left mgt-text-transform-uppercase \" href=\"http:\/\/sia-sarl.com\/index.php\/devis\/\">Je demande un devis<\/a><\/div><h5 class=\"mgt-cta-block-header\">BESOIN D&#039;UN DEVIS ?<\/h5><div class=\"mgt-cta-block-content\"><span style=\"font-weight: 400;color: #ffffff\">Nos \u00e9quipes commerciales et techniques sont \u00e0 votre disposition pour tous vos besoins et projets<\/span><\/div><\/div>[\/vc_column][\/vc_row][vc_row][vc_column][vc_empty_space][\/vc_column][\/vc_row]<\/p>\n","protected":false},"excerpt":{"rendered":"<p>[vc_row][vc_column width=\u00a0\u00bb1\/2&Prime; css=\u00a0\u00bb.vc_custom_1460641256688{margin-right: 0px !important;padding-right: 0px !important;}\u00a0\u00bb][\/vc_column][vc_column width=\u00a0\u00bb1\/2&Prime; css=\u00a0\u00bb.vc_custom_1460641327282{margin-left: 0px !important;padding-left: 0px !important;}\u00a0\u00bb][\/vc_column][\/vc_row][vc_row][vc_column][vc_empty_space height=\u00a0\u00bb30px\u00a0\u00bb][\/vc_column][\/vc_row][vc_row css=\u00a0\u00bb.vc_custom_1460536155154{margin-right: -25px !important;margin-left: -15px !important;}\u00a0\u00bb][vc_column][vc_images_carousel images=\u00a0\u00bb3896,3897,3898,3899,3900,3901,3902,3903,3904,3905,3906&Prime; img_size=\u00a0\u00bbfull\u00a0\u00bb slides_per_view=\u00a0\u00bb3&Prime; hide_pagination_control=\u00a0\u00bbyes\u00a0\u00bb wrap=\u00a0\u00bbyes\u00a0\u00bb css=\u00a0\u00bb.vc_custom_1644314561552{margin-left: -10px !important;}\u00a0\u00bb][\/vc_column][\/vc_row][vc_row][vc_column][vc_column_text]SIA dans le domaine&#8230;<\/p>\n","protected":false},"author":1,"featured_media":0,"parent":0,"menu_order":0,"comment_status":"closed","ping_status":"closed","template":"","meta":[],"_links":{"self":[{"href":"https:\/\/sia-sarl.com\/index.php\/wp-json\/wp\/v2\/pages\/3397"}],"collection":[{"href":"https:\/\/sia-sarl.com\/index.php\/wp-json\/wp\/v2\/pages"}],"about":[{"href":"https:\/\/sia-sarl.com\/index.php\/wp-json\/wp\/v2\/types\/page"}],"author":[{"embeddable":true,"href":"https:\/\/sia-sarl.com\/index.php\/wp-json\/wp\/v2\/users\/1"}],"replies":[{"embeddable":true,"href":"https:\/\/sia-sarl.com\/index.php\/wp-json\/wp\/v2\/comments?post=3397"}],"version-history":[{"count":6,"href":"https:\/\/sia-sarl.com\/index.php\/wp-json\/wp\/v2\/pages\/3397\/revisions"}],"predecessor-version":[{"id":3907,"href":"https:\/\/sia-sarl.com\/index.php\/wp-json\/wp\/v2\/pages\/3397\/revisions\/3907"}],"wp:attachment":[{"href":"https:\/\/sia-sarl.com\/index.php\/wp-json\/wp\/v2\/media?parent=3397"}],"curies":[{"name":"wp","href":"https:\/\/api.w.org\/{rel}","templated":true}]}}