{"id":3385,"date":"2021-11-10T15:23:57","date_gmt":"2021-11-10T14:23:57","guid":{"rendered":"http:\/\/sia-sarl.com\/?page_id=3385"},"modified":"2022-02-08T10:57:54","modified_gmt":"2022-02-08T09:57:54","slug":"travaux-routiers","status":"publish","type":"page","link":"https:\/\/sia-sarl.com\/index.php\/travaux-routiers\/","title":{"rendered":"Travaux Routiers"},"content":{"rendered":"<p>[vc_row][vc_column width=\u00a0\u00bb1\/2&Prime; css=\u00a0\u00bb.vc_custom_1460641256688{margin-right: 0px !important;padding-right: 0px !important;}\u00a0\u00bb]<style scoped='scoped'>.mgt-promo-block-36261014417.mgt-promo-block .mgt-promo-block-content h2 {font-size: 30px;line-height: normal!important;}<\/style><div class=\"mgt-promo-block black-text text-size-normal no-darken mgt-promo-block-36261014417 wpb_content_element\" data-style=\"background-color: #f5f5f5;width: 100%; height: 400px;\"><div class=\"mgt-promo-block-content\"><div class=\"mgt-promo-block-content-inside vc_custom_1643905550764\">\n<h4>SIA SARL<\/h4>\n<h3 style=\"text-align: left;font-size: 26px\"><strong>Un op\u00e9rateur de confiance<\/strong><\/h3>\n<p style=\"text-align: justify\"><span style=\"color: #000000\">En tr\u00e8s peu de temps notre s\u00e9rieux et la qualit\u00e9 de nos prestations dans l\u2019ex\u00e9cution des march\u00e9s publics, nous ont positionn\u00e9s comme un op\u00e9rateur de confiance du secteur.<\/span>\n<\/div><\/div><\/div>[\/vc_column][vc_column width=\u00a0\u00bb1\/2&Prime; css=\u00a0\u00bb.vc_custom_1460641327282{margin-left: 0px !important;padding-left: 0px !important;}\u00a0\u00bb]<style scoped='scoped'>.mgt-promo-block-36261014317.mgt-promo-block .mgt-promo-block-content h2 {font-size: 30px;line-height: normal!important;}<\/style><div class=\"mgt-promo-block black-text cover-image text-size-normal no-darken mgt-promo-block-36261014317 wpb_content_element\" data-style=\"background-color: #f5f5f5;background-image: url(https:\/\/sia-sarl.com\/wp-content\/uploads\/2022\/02\/IMAGES-01.jpg);background-repeat: no-repeat;width: 100%; height: 400px;\"><div class=\"mgt-promo-block-content\"><div class=\"mgt-promo-block-content-inside\"><\/div><\/div><\/div>[\/vc_column][\/vc_row][vc_row][vc_column][vc_empty_space height=\u00a0\u00bb30px\u00a0\u00bb][\/vc_column][\/vc_row][vc_row css=\u00a0\u00bb.vc_custom_1460536155154{margin-right: -25px !important;margin-left: -15px !important;}\u00a0\u00bb][vc_column][vc_images_carousel images=\u00a0\u00bb3882,3883,3885,3886,3887,3888,3889,3893&Prime; img_size=\u00a0\u00bbfull\u00a0\u00bb slides_per_view=\u00a0\u00bb3&Prime; hide_pagination_control=\u00a0\u00bbyes\u00a0\u00bb wrap=\u00a0\u00bbyes\u00a0\u00bb css=\u00a0\u00bb.vc_custom_1644314271693{margin-left: -10px !important;}\u00a0\u00bb][\/vc_column][\/vc_row][vc_row][vc_column]<div class=\"mgt-header-block clearfix text-left text-black wpb_content_element  mgt-header-block-style-1 mgt-header-texttransform-none  vc_custom_1643906153246\"><h3 class=\"mgt-header-block-title\">Acteur de d\u00e9veloppement<\/h3><div class=\"mgt-header-line\"><\/div><\/div>[vc_column_text]<\/p>\n<p style=\"text-align: justify;\">Un r\u00e9seau routier bien construit et bien entretenu \u00e9tant essentiel \u00e0 la croissance \u00e9conomique et \u00e0 la lutte contre la pauvret\u00e9 dans nos pays, Les travaux d\u2019entretien du lin\u00e9aire et des ouvrages routiers de qualit\u00e9 doit \u00eatre une obsession pour tout acteur du secteur.<br \/>\nAinsi, SIA en tant qu\u2019entreprise citoyenne met un point d\u2019honneur \u00e0 la qualit\u00e9, au respect des cahiers de charges, \u00e0 la s\u00e9curit\u00e9 de ses salari\u00e9s et sous-traitants et au respect des d\u00e9lais lors de l\u2019ex\u00e9cution de l\u2019ensemble des march\u00e9s publics que SIA a pu obtenir \u00e0 la suite des appels d\u2019offre.<br \/>\nEn tr\u00e8s peu de temps notre s\u00e9rieux et la qualit\u00e9 de nos prestations dans l\u2019ex\u00e9cution des march\u00e9s publics, nous ont positionn\u00e9s comme un op\u00e9rateur de confiance du secteur.<\/p>\n<p>[\/vc_column_text][\/vc_column][\/vc_row][vc_row][vc_column][vc_separator][\/vc_column][\/vc_row][vc_row][vc_column width=\u00a0\u00bb1\/2&Prime;]<div class=\"mgt-header-block clearfix text-left text-black wpb_content_element  mgt-header-block-style-1 mgt-header-texttransform-none  vc_custom_1643907324646\"><h3 class=\"mgt-header-block-title\">Processus et \u00e9tapes<\/h3><div class=\"mgt-header-line\"><\/div><\/div>[vc_column_text]We remain true to the same principles on which our company was founded over a hundred years ago: providing superior service to our clients, putting safety first, creating opportunities for our people, delivering exceptional work, fostering innovation, acting with integrity, and strengthening our communities.<\/p>\n<p>Construction is the process of constructing a building or infrastructure. Construction differs from manufacturing in that manufacturing typically involves mass production of similar items without a designated purchaser.[\/vc_column_text][\/vc_column][vc_column width=\u00a0\u00bb1\/2&Prime;]<div class=\"mgt-header-block clearfix text-left text-black wpb_content_element  mgt-header-block-style-1 mgt-header-texttransform-none  vc_custom_1643906504600\"><h3 class=\"mgt-header-block-title\">Strat\u00e9gie<\/h3><div class=\"mgt-header-line\"><\/div><\/div>[vc_column_text]<\/p>\n<p style=\"text-align: justify;\">La connaissance du climat des affaires en Afrique, l\u2019excellente compr\u00e9hension des opportunit\u00e9s, la mise en \u0153uvre de solutions innovantes et la diff\u00e9renciation pour nos clients est notre fer de lance.<\/p>\n<p>[\/vc_column_text][vc_tta_accordion color=\u00a0\u00bbblack\u00a0\u00bb c_position=\u00a0\u00bbright\u00a0\u00bb active_section=\u00a0\u00bb1&Prime;][vc_tta_section title=\u00a0\u00bbENGAGEMENT\u00a0\u00bb tab_id=\u00a0\u00bb1460465137169-8fa3dffe-29f8cfbc-5acc\u00a0\u00bb][vc_column_text]<\/p>\n<p style=\"text-align: justify;\">Notre mission est d\u2019offrir des prestations et des productions de qualit\u00e9 et innovants, tout en restant attach\u00e9 \u00e0 nos valeurs qui fondent notre identit\u00e9.<\/p>\n<p>[\/vc_column_text][\/vc_tta_section][vc_tta_section title=\u00a0\u00bbFIABLE ET INTEGRE\u00a0\u00bb tab_id=\u00a0\u00bb1460465137231-ccbe90e5-99f5cfbc-5acc\u00a0\u00bb][vc_column_text]Embedded in our culture of hard work, honesty, and getting the well done job, our history tells not only much about our past but also it does our present.\u0435 Our record of succeeding, surviving, and striving to be the best is central to our reputation today.[\/vc_column_text][\/vc_tta_section][vc_tta_section title=\u00a0\u00bbDEMARCHE QUALITE\u00a0\u00bb tab_id=\u00a0\u00bb1460465338888-dfc970d8-6647cfbc-5acc\u00a0\u00bb][vc_progress_bar bgcolor=\u00a0\u00bbbar_orange\u00a0\u00bb options=\u00a0\u00bbstriped,animated\u00a0\u00bb units=\u00a0\u00bb%\u00a0\u00bb][\/vc_tta_section][\/vc_tta_accordion][\/vc_column][\/vc_row][vc_row][vc_column][vc_separator][\/vc_column][\/vc_row][vc_row css=\u00a0\u00bb.vc_custom_1466500844349{margin-bottom: 80px !important;}\u00a0\u00bb][vc_column]<div class=\"mgt-cta-block clearfix parallax white-text with-text wpb_content_element\" data-style=\"background:  url(https:\/\/sia-sarl.com\/wp-content\/uploads\/2022\/01\/Demande-de-DEVIS.png) no-repeat;\"><div class=\"mgt-button-wrapper mgt-button-wrapper-align-right mgt-button-wrapper-display-newline mgt-button-top-margin-disable\"><a class=\"btn hvr-sweep-to-top mgt-button mgt-style-solid mgt-size-normal mgt-align-right mgt-display-newline mgt-text-size-normal mgt-button-icon-position-left mgt-text-transform-uppercase \" href=\"http:\/\/sia-sarl.com\/index.php\/devis\/\">Je demande un devis<\/a><\/div><h5 class=\"mgt-cta-block-header\">BESOIN D&#039;UN DEVIS ?<\/h5><div class=\"mgt-cta-block-content\"><span style=\"font-weight: 400;color: #ffffff\">Nos \u00e9quipes commerciales et techniques sont \u00e0 votre disposition pour tous vos besoins et projets<\/span><\/div><\/div>[\/vc_column][\/vc_row][vc_row][vc_column][vc_empty_space][\/vc_column][\/vc_row]<\/p>\n","protected":false},"excerpt":{"rendered":"<p>[vc_row][vc_column width=\u00a0\u00bb1\/2&Prime; css=\u00a0\u00bb.vc_custom_1460641256688{margin-right: 0px !important;padding-right: 0px !important;}\u00a0\u00bb][\/vc_column][vc_column width=\u00a0\u00bb1\/2&Prime; css=\u00a0\u00bb.vc_custom_1460641327282{margin-left: 0px !important;padding-left: 0px !important;}\u00a0\u00bb][\/vc_column][\/vc_row][vc_row][vc_column][vc_empty_space height=\u00a0\u00bb30px\u00a0\u00bb][\/vc_column][\/vc_row][vc_row css=\u00a0\u00bb.vc_custom_1460536155154{margin-right: -25px !important;margin-left: -15px !important;}\u00a0\u00bb][vc_column][vc_images_carousel images=\u00a0\u00bb3882,3883,3885,3886,3887,3888,3889,3893&Prime; img_size=\u00a0\u00bbfull\u00a0\u00bb slides_per_view=\u00a0\u00bb3&Prime; hide_pagination_control=\u00a0\u00bbyes\u00a0\u00bb wrap=\u00a0\u00bbyes\u00a0\u00bb css=\u00a0\u00bb.vc_custom_1644314271693{margin-left: -10px !important;}\u00a0\u00bb][\/vc_column][\/vc_row][vc_row][vc_column][vc_column_text] Un r\u00e9seau routier&#8230;<\/p>\n","protected":false},"author":1,"featured_media":0,"parent":0,"menu_order":0,"comment_status":"closed","ping_status":"closed","template":"","meta":[],"_links":{"self":[{"href":"https:\/\/sia-sarl.com\/index.php\/wp-json\/wp\/v2\/pages\/3385"}],"collection":[{"href":"https:\/\/sia-sarl.com\/index.php\/wp-json\/wp\/v2\/pages"}],"about":[{"href":"https:\/\/sia-sarl.com\/index.php\/wp-json\/wp\/v2\/types\/page"}],"author":[{"embeddable":true,"href":"https:\/\/sia-sarl.com\/index.php\/wp-json\/wp\/v2\/users\/1"}],"replies":[{"embeddable":true,"href":"https:\/\/sia-sarl.com\/index.php\/wp-json\/wp\/v2\/comments?post=3385"}],"version-history":[{"count":39,"href":"https:\/\/sia-sarl.com\/index.php\/wp-json\/wp\/v2\/pages\/3385\/revisions"}],"predecessor-version":[{"id":3894,"href":"https:\/\/sia-sarl.com\/index.php\/wp-json\/wp\/v2\/pages\/3385\/revisions\/3894"}],"wp:attachment":[{"href":"https:\/\/sia-sarl.com\/index.php\/wp-json\/wp\/v2\/media?parent=3385"}],"curies":[{"name":"wp","href":"https:\/\/api.w.org\/{rel}","templated":true}]}}