{"id":3090,"date":"2016-03-28T09:28:14","date_gmt":"2016-03-28T09:28:14","guid":{"rendered":"http:\/\/wp.magnium-themes.com\/thebuilt\/thebuilt-5\/?page_id=11"},"modified":"2022-02-04T16:44:01","modified_gmt":"2022-02-04T15:44:01","slug":"homepage","status":"publish","type":"page","link":"https:\/\/sia-sarl.com\/","title":{"rendered":"Homepage"},"content":{"rendered":"<p>[vc_row][vc_column][rev_slider_vc alias=\u00a0\u00bbthebuilt-5&Prime;][\/vc_column][\/vc_row][vc_row full_width=\u00a0\u00bbstretch_row\u00a0\u00bb css=\u00a0\u00bb.vc_custom_1466501689743{margin-top: 30px !important;margin-bottom: 20px !important;}\u00a0\u00bb][vc_column width=\u00a0\u00bb2\/6&Prime;]<div class=\"mgt-header-block clearfix text-left text-black wpb_content_element  mgt-header-block-style-2 mgt-header-texttransform-subheader  vc_custom_1643294445427\"><p class=\"mgt-header-block-subtitle\">Nos<\/p><h1 class=\"mgt-header-block-title\">M\u00e9tiers<\/h1><div class=\"mgt-header-line\"><\/div><\/div>[\/vc_column][vc_column width=\u00a0\u00bb3\/6&Prime;][vc_column_text]<\/p>\n<p style=\"text-align: justify;\"><span style=\"font-weight: 400;\">Notre mission est d\u2019offrir des prestations et des productions de qualit\u00e9 et innovantes, tout en restant attach\u00e9 \u00e0 nos valeurs qui fondent notre identit\u00e9, \u00e0 travers des comportements qui sont le ciment des relations de confiance que nous entretenons avec nos partenaires.<\/span><\/p>\n<p>[\/vc_column_text][\/vc_column][vc_column width=\u00a0\u00bb1\/6&Prime;]<div class=\"mgt-button-wrapper mgt-button-wrapper-align-right mgt-button-wrapper-display-newline mgt-button-top-margin-disable\"><a class=\"btn hvr-sweep-to-top mgt-button mgt-style-solid mgt-size-normal mgt-align-right mgt-display-newline mgt-text-size-small mgt-button-icon-position-left mgt-text-transform-uppercase \" href=\"http:\/\/sia-sarl.com\/index.php\/devis\/\">DEMANDER UN DEVIS<\/a><\/div>[\/vc_column][\/vc_row][vc_row equal_height=\u00a0\u00bbyes\u00a0\u00bb css=\u00a0\u00bb.vc_custom_1466500850949{margin-bottom: 30px !important;}\u00a0\u00bb][vc_column width=\u00a0\u00bb1\/3&Prime; css=\u00a0\u00bb.vc_custom_1459186986556{margin-right: 0px !important;padding-right: 0px !important;}\u00a0\u00bb]<style scoped='scoped'>.mgt-promo-block-80547717587.mgt-promo-block.animated:hover .mgt-promo-block-content {background-color: rgba(0,0,0,0.5)!important;}<\/style><div class=\"mgt-promo-block animated white-text cover-image text-size-normal no-darken mgt-promo-block-80547717587 wpb_content_element\" data-style=\"background-image: url(https:\/\/sia-sarl.com\/wp-content\/uploads\/2021\/12\/Nos-Metiers-scaled.jpg);background-repeat: no-repeat;width: 100%; height: 440px;\"><div class=\"mgt-promo-block-content\"><div class=\"mgt-promo-block-content-inside\"><\/div><\/div><\/div>[\/vc_column][vc_column width=\u00a0\u00bb2\/3&Prime; css=\u00a0\u00bb.vc_custom_1459186959095{margin-left: 0px !important;padding-left: 0px !important;}\u00a0\u00bb]<div class=\"mgt-promo-block white-text text-size-normal no-darken mgt-promo-block-75700987093 wpb_content_element\" data-style=\"background-color: #2a2f35;width: 100%; height: 440px;\"><div class=\"mgt-promo-block-content va-top\"><div class=\"mgt-promo-block-content-inside vc_custom_1643989438493\">\n<h4 style=\"text-align: justify;line-height: 1.6em\">Soci\u00e9t\u00e9 d\u2019Ing\u00e9nierie en Afrique depuis 2015 en C\u00f4te d\u2019Ivoire et ambitionne de devenir un acteur majeur du secteur du B\u00e2timent et des Travaux Publics et un partenaire privil\u00e9gi\u00e9 des promoteurs immobiliers. En tr\u00e8s peu de temps, notre s\u00e9rieux et la qualit\u00e9 de nos prestations nous ont positionn\u00e9 comme un op\u00e9rateur de confiance du secteur.<\/h4>\n<h4 style=\"text-align: justify;line-height: 1.6em\">La Passion pour la s\u00e9curit\u00e9 et la qualit\u00e9, la Satisfaction de nos clients et fournisseurs, l&rsquo;Inr\u00e9grit\u00e9, le Respect des personnes et de l\u2019environnement sont nos ma\u00eetres-mots.<\/h4>\n<h4 style=\"text-align: justify;line-height: 1.6em\">Nous avons \u00e0 notre actif plusieurs projets r\u00e9alis\u00e9s tant au niveau du B\u00e2timent qu\u2019au niveau des Routes avec satisfaction aupr\u00e8s des clients, satisfaction visible au regard des Attestations de Bonnes Ex\u00e9cution (ABE) qui nous ont \u00e9t\u00e9 d\u00e9livr\u00e9es.<\/h4>\n<h4 style=\"text-align: justify;line-height: 1.6em\">Ces diff\u00e9rentes attestations de bonne ex\u00e9cution ainsi que plusieurs r\u00e9f\u00e9rences et recommandations sont visibles dans notre dossier technique.<\/h4>\n<h4 style=\"text-align: justify;line-height: 1.7em\">SIA op\u00e8re essentiellement dans les secteurs ci-dessous\u2026<\/h4>\n<\/div><\/div><\/div>[\/vc_column][\/vc_row][vc_row gap=\u00a0\u00bb10&Prime; css=\u00a0\u00bb.vc_custom_1637923664245{margin-bottom: 30px !important;}\u00a0\u00bb][vc_column width=\u00a0\u00bb1\/5&Prime;]<a class=\"mgt-promo-block-link\" href=\"http:\/\/sia-sarl.com\/index.php\/travaux-routiers\/\"><div class=\"mgt-promo-block white-text cover-image text-size-normal no-darken mgt-promo-block-42115338664 wpb_content_element wpb_animate_when_almost_visible wpb_appear\" data-style=\"background-image: url(https:\/\/sia-sarl.com\/wp-content\/uploads\/2022\/01\/Nos-Metiers-Vertical-01.jpg);background-repeat: no-repeat;width: 100%; height: 350px;\"><div class=\"mgt-promo-block-content va-bottom\"><div class=\"mgt-promo-block-content-inside vc_custom_1643640735715\">\n<h3>Travaux<br \/>\nRoutiers<\/h3>\n<\/div><\/div><\/div><\/a>[\/vc_column][vc_column width=\u00a0\u00bb1\/5&Prime;]<a class=\"mgt-promo-block-link\" href=\"http:\/\/sia-sarl.com\/index.php\/constructions-de-batiment\/\"><div class=\"mgt-promo-block white-text cover-image text-size-normal no-darken mgt-promo-block-42115338664 wpb_content_element wpb_animate_when_almost_visible wpb_appear\" data-style=\"background-image: url(https:\/\/sia-sarl.com\/wp-content\/uploads\/2022\/01\/Nos-Metiers-Vertical-02.jpg);background-repeat: no-repeat;width: 100%; height: 350px;\"><div class=\"mgt-promo-block-content va-bottom\"><div class=\"mgt-promo-block-content-inside vc_custom_1643640769505\">\n<h3>Construction<br \/>\nde Batiments<\/h3>\n<\/div><\/div><\/div><\/a>[\/vc_column][vc_column width=\u00a0\u00bb1\/5&Prime;]<a class=\"mgt-promo-block-link\" href=\"http:\/\/sia-sarl.com\/index.php\/etudes-et-ingenierie\/\"><div class=\"mgt-promo-block white-text cover-image text-size-normal no-darken mgt-promo-block-61315338664 wpb_content_element wpb_animate_when_almost_visible wpb_appear\" data-style=\"background-image: url(https:\/\/sia-sarl.com\/wp-content\/uploads\/2022\/01\/Nos-Metiers-Vertical-04.jpg);background-repeat: no-repeat;width: 100%; height: 350px;\"><div class=\"mgt-promo-block-content va-bottom\"><div class=\"mgt-promo-block-content-inside vc_custom_1643640997523\">\n<h3>Etudes et<br \/>\nIng\u00e9nierie<\/h3>\n<\/div><\/div><\/div><\/a>[\/vc_column][vc_column width=\u00a0\u00bb1\/5&Prime;]<a class=\"mgt-promo-block-link\" href=\"http:\/\/sia-sarl.com\/index.php\/renovation-et-design-dinterieur\/\"><div class=\"mgt-promo-block white-text cover-image text-size-normal no-darken mgt-promo-block-42115338664 wpb_content_element wpb_animate_when_almost_visible wpb_appear\" data-style=\"background-image: url(https:\/\/sia-sarl.com\/wp-content\/uploads\/2022\/01\/Nos-Metiers-Vertical-05.jpg);background-repeat: no-repeat;width: 100%; height: 350px;\"><div class=\"mgt-promo-block-content va-bottom\"><div class=\"mgt-promo-block-content-inside vc_custom_1643640891129\">\n<h3>Design<br \/>\nd&rsquo;Interieur<\/h3>\n<\/div><\/div><\/div><\/a>[\/vc_column][vc_column width=\u00a0\u00bb1\/5&Prime;]<a class=\"mgt-promo-block-link\" href=\"http:\/\/sia-sarl.com\/index.php\/production-de-briques-et-tuiles\/\"><div class=\"mgt-promo-block white-text cover-image text-size-normal no-darken mgt-promo-block-47315338424 wpb_content_element wpb_animate_when_almost_visible wpb_appear\" data-style=\"background-image: url(https:\/\/sia-sarl.com\/wp-content\/uploads\/2022\/01\/Nos-Metiers-Vertical-03.jpg);background-repeat: no-repeat;width: 100%; height: 350px;\"><div class=\"mgt-promo-block-content va-bottom\"><div class=\"mgt-promo-block-content-inside vc_custom_1643640829733\">\n<h3>Production<br \/>\nde Mat\u00e9riaux<\/h3>\n<\/div><\/div><\/div><\/a>[\/vc_column][\/vc_row][vc_row css=\u00a0\u00bb.vc_custom_1466500844349{margin-bottom: 80px !important;}\u00a0\u00bb][vc_column]<div class=\"mgt-cta-block clearfix parallax white-text with-text wpb_content_element\" data-style=\"background:  url(https:\/\/sia-sarl.com\/wp-content\/uploads\/2022\/01\/Demande-de-DEVIS.png) no-repeat;\"><div class=\"mgt-button-wrapper mgt-button-wrapper-align-right mgt-button-wrapper-display-newline mgt-button-top-margin-disable\"><a class=\"btn hvr-sweep-to-top mgt-button mgt-style-solid mgt-size-normal mgt-align-right mgt-display-newline mgt-text-size-normal mgt-button-icon-position-left mgt-text-transform-uppercase \" href=\"http:\/\/sia-sarl.com\/index.php\/devis\/\">Je demande un devis<\/a><\/div><h5 class=\"mgt-cta-block-header\">BESOIN D&#039;UN DEVIS ?<\/h5><div class=\"mgt-cta-block-content\"><span style=\"font-weight: 400;color: #ffffff\">Nos \u00e9quipes commerciales et techniques sont \u00e0 votre disposition pour tous vos besoins et projets<\/span><\/div><\/div>[\/vc_column][\/vc_row]<\/p>\n","protected":false},"excerpt":{"rendered":"<p>[vc_row][vc_column][rev_slider_vc alias=\u00a0\u00bbthebuilt-5&Prime;][\/vc_column][\/vc_row][vc_row full_width=\u00a0\u00bbstretch_row\u00a0\u00bb css=\u00a0\u00bb.vc_custom_1466501689743{margin-top: 30px !important;margin-bottom: 20px !important;}\u00a0\u00bb][vc_column width=\u00a0\u00bb2\/6&Prime;][\/vc_column][vc_column width=\u00a0\u00bb3\/6&Prime;][vc_column_text] Notre mission est d\u2019offrir des prestations et des productions de qualit\u00e9 et innovantes, tout en restant attach\u00e9 \u00e0 nos valeurs&#8230;<\/p>\n","protected":false},"author":1,"featured_media":0,"parent":0,"menu_order":0,"comment_status":"closed","ping_status":"closed","template":"","meta":[],"_links":{"self":[{"href":"https:\/\/sia-sarl.com\/index.php\/wp-json\/wp\/v2\/pages\/3090"}],"collection":[{"href":"https:\/\/sia-sarl.com\/index.php\/wp-json\/wp\/v2\/pages"}],"about":[{"href":"https:\/\/sia-sarl.com\/index.php\/wp-json\/wp\/v2\/types\/page"}],"author":[{"embeddable":true,"href":"https:\/\/sia-sarl.com\/index.php\/wp-json\/wp\/v2\/users\/1"}],"replies":[{"embeddable":true,"href":"https:\/\/sia-sarl.com\/index.php\/wp-json\/wp\/v2\/comments?post=3090"}],"version-history":[{"count":111,"href":"https:\/\/sia-sarl.com\/index.php\/wp-json\/wp\/v2\/pages\/3090\/revisions"}],"predecessor-version":[{"id":3858,"href":"https:\/\/sia-sarl.com\/index.php\/wp-json\/wp\/v2\/pages\/3090\/revisions\/3858"}],"wp:attachment":[{"href":"https:\/\/sia-sarl.com\/index.php\/wp-json\/wp\/v2\/media?parent=3090"}],"curies":[{"name":"wp","href":"https:\/\/api.w.org\/{rel}","templated":true}]}}