{"id":1428,"date":"2016-05-17T16:01:22","date_gmt":"2016-05-17T16:01:22","guid":{"rendered":"http:\/\/wp.magnium-themes.com\/thebuilt\/thebuilt-5\/?page_id=1428"},"modified":"2022-02-08T10:46:23","modified_gmt":"2022-02-08T09:46:23","slug":"notre-identite","status":"publish","type":"page","link":"https:\/\/sia-sarl.com\/index.php\/notre-identite\/","title":{"rendered":"NOTRE IDENTITE"},"content":{"rendered":"<p>[vc_row equal_height=\u00a0\u00bbyes\u00a0\u00bb css=\u00a0\u00bb.vc_custom_1464263823580{margin-bottom: 30px !important;}\u00a0\u00bb][vc_column width=\u00a0\u00bb1\/2&Prime;]<div class=\"mgt-header-block clearfix text-left text-black wpb_content_element  mgt-header-block-style-1 mgt-header-texttransform-header  vc_custom_1635425418138\"><h2 class=\"mgt-header-block-title\">NOTRE MISSION<\/h2><div class=\"mgt-header-line\"><\/div><\/div>[vc_column_text]<\/p>\n<p style=\"text-align: justify;\">Notre mission est d\u2019offrir des prestations et produits de qualit\u00e9 et innovants mais tout en restant attach\u00e9 \u00e0 nos valeurs qui fondent notre identit\u00e9, \u00e0 travers des comportements qui sont le ciment des relations de confiance que nous entretenons avec nos partenaires.<\/p>\n<p>[\/vc_column_text]<div class=\"mgt-header-block clearfix text-left text-black wpb_content_element  mgt-header-block-style-1 mgt-header-texttransform-header  vc_custom_1635425428658\"><h2 class=\"mgt-header-block-title\">NOTRE VISION<\/h2><div class=\"mgt-header-line\"><\/div><\/div>[vc_column_text]<\/p>\n<p style=\"text-align: justify;\">L\u2019Afrique est en marche et notre engagement \u00e0 promouvoir les \u00e9changes sud-sud, l\u2019\u00e9mergence et le d\u00e9veloppement d\u2019entreprises africaines est le moteur de nos initiatives.<\/p>\n<p>[\/vc_column_text][\/vc_column][vc_column width=\u00a0\u00bb1\/2&Prime;]<div class=\"mgt-promo-block white-text cover-image text-size-normal no-darken mgt-promo-block-80547717583 wpb_content_element\" data-style=\"background-image: url(https:\/\/sia-sarl.com\/wp-content\/uploads\/2022\/02\/IMAGES-01-_AFRIQUE-TIC.jpg);background-repeat: no-repeat;width: 100%; height: 350px;\"><div class=\"mgt-promo-block-content\"><div class=\"mgt-promo-block-content-inside\"><\/div><\/div><\/div>[\/vc_column][\/vc_row][vc_row full_width=\u00a0\u00bbstretch_row\u00a0\u00bb css=\u00a0\u00bb.vc_custom_1463480199968{background-color: #f8f8f8 !important;}\u00a0\u00bb][vc_column]<div class=\"mgt-header-block clearfix text-left text-black wpb_content_element  mgt-header-block-style-1 mgt-header-texttransform-header \"><h2 class=\"mgt-header-block-title\">CE QUI FONDE NOTRE IDENTITE<\/h2><div class=\"mgt-header-line\"><\/div><\/div>[\/vc_column][\/vc_row][vc_row full_width=\u00a0\u00bbstretch_row\u00a0\u00bb css=\u00a0\u00bb.vc_custom_1463479257330{padding-bottom: 50px !important;background-color: #f8f8f8 !important;}\u00a0\u00bb][vc_column width=\u00a0\u00bb1\/3&Prime;][vc_single_image image=\u00a0\u00bb3877&Prime; img_size=\u00a0\u00bbfull\u00a0\u00bb css_animation=\u00a0\u00bbleft-to-right\u00a0\u00bb][vc_column_text css_animation=\u00a0\u00bbleft-to-right\u00a0\u00bb]<\/p>\n<h3 class=\"no_stripe\">NOTRE STRATEGIE<\/h3>\n<p style=\"text-align: justify;\">SIA combine connaissance du climat des affaires en Afrique et excellente compr\u00e9hension des opportunit\u00e9s pour aboutir \u00e0 des solutions innovantes, sources de diff\u00e9renciation pour nos clients. Notre organisation, favorise la prise de d\u00e9cisions rapides, nous sommes flexibles et agiles et sommes constamment \u00e0 la recherche de la qualit\u00e9 et de l\u2019innovation.<\/p>\n<p>[\/vc_column_text][\/vc_column][vc_column width=\u00a0\u00bb1\/3&Prime;][vc_single_image image=\u00a0\u00bb3878&Prime; img_size=\u00a0\u00bbfull\u00a0\u00bb css_animation=\u00a0\u00bbleft-to-right\u00a0\u00bb][vc_column_text css_animation=\u00a0\u00bbleft-to-right\u00a0\u00bb]<\/p>\n<h3>NOS COMPORTEMENTS<\/h3>\n<p style=\"text-align: justify;\">SIA en tant qu\u2019entreprise citoyenne, met un point d\u2019honneur \u00e0 la qualit\u00e9, au respect des cahiers de charges, \u00e0 la s\u00e9curit\u00e9 et au respect des d\u00e9lais dans l\u2019ex\u00e9cution des march\u00e9s.<br \/>\nNous proposons une offre de service de qualit\u00e9 m\u00ealant l\u2019excellence, la rigueur et la flexibilit\u00e9 d\u2019une structure \u00e0 visage humain vivant au quotidien les d\u00e9fis et combats de l\u2019entrepreneur africain.<\/p>\n<p>[\/vc_column_text][\/vc_column][vc_column width=\u00a0\u00bb1\/3&Prime;][vc_single_image image=\u00a0\u00bb3879&Prime; img_size=\u00a0\u00bbfull\u00a0\u00bb css_animation=\u00a0\u00bbleft-to-right\u00a0\u00bb][vc_column_text css_animation=\u00a0\u00bbleft-to-right\u00a0\u00bb]<\/p>\n<h3>AMBITION<\/h3>\n<p style=\"text-align: justify;\">La SOCIETE D\u2019INGENIERIE EN AFRIQUE, existe en C\u00f4te d\u2019Ivoire depuis Mars 2015 et ambitionne de devenir \u00e0 moyen terme un acteur majeur du secteur du B\u00e2timent et des Travaux Publics. Elle a pour vocation de s\u2019implanter durablement dans l\u2019\u00e9cosyst\u00e8me des entreprises en C\u00f4te d\u2019Ivoire et se donner ensuite les moyens d\u2019aller \u00e0 la conqu\u00eate de l\u2019Afrique.<\/p>\n<p>[\/vc_column_text][\/vc_column][\/vc_row][vc_row][vc_column][vc_empty_space][\/vc_column][\/vc_row][vc_row equal_height=\u00a0\u00bbyes\u00a0\u00bb content_placement=\u00a0\u00bbmiddle\u00a0\u00bb css=\u00a0\u00bb.vc_custom_1463999360900{margin-right: 0px !important;margin-bottom: 30px !important;margin-left: 0px !important;padding-top: 0px !important;background-color: #f1f1f1 !important;}\u00a0\u00bb][vc_column css=\u00a0\u00bb.vc_custom_1639516601185{padding-right: 0px !important;padding-left: 0px !important;}\u00a0\u00bb]<div class=\"mgt-promo-block black-text text-size-normal no-darken mgt-promo-block-75700987093 wpb_content_element\" data-style=\"width: 100%; height: 200px;\"><div class=\"mgt-promo-block-content va-top\"><div class=\"mgt-promo-block-content-inside vc_custom_1643826756681\">\n<h3 style=\"text-align: left\">NOS PRIORITES<\/h3>\nVous accompagner efficacement, toujours avec des solutions innovantes, prenant en compte les sp\u00e9cificit\u00e9s de votre besoin et surtout adapt\u00e9es \u00e0 votre budget.<br \/>\nVous offrir principalement des services de qualit\u00e9 sans d\u00e9roger au respect des cahiers de charges, des d\u00e9lais d\u2019ex\u00e9cution ou des normes environnementales et de s\u00e9curit\u00e9. En tant qu\u2019entreprise citoyenne, SIA met un point d\u2019honneur \u00e0 l\u2019observation de cette charte de d\u00e9ontologie professionnelle.<\/div><\/div><\/div>[\/vc_column][\/vc_row][vc_row css=\u00a0\u00bb.vc_custom_1466500844349{margin-bottom: 80px !important;}\u00a0\u00bb][vc_column]<div class=\"mgt-cta-block clearfix parallax white-text with-text wpb_content_element\" data-style=\"background:  url(https:\/\/sia-sarl.com\/wp-content\/uploads\/2022\/01\/Demande-de-DEVIS.png) no-repeat;\"><div class=\"mgt-button-wrapper mgt-button-wrapper-align-right mgt-button-wrapper-display-newline mgt-button-top-margin-disable\"><a class=\"btn hvr-sweep-to-top mgt-button mgt-style-solid mgt-size-normal mgt-align-right mgt-display-newline mgt-text-size-normal mgt-button-icon-position-left mgt-text-transform-uppercase \" href=\"http:\/\/sia-sarl.com\/index.php\/devis\/\">Je demande un devis<\/a><\/div><h5 class=\"mgt-cta-block-header\">BESOIN D&#039;UN DEVIS ?<\/h5><div class=\"mgt-cta-block-content\"><span style=\"font-weight: 400;color: #ffffff\">Nos \u00e9quipes commerciales et techniques sont \u00e0 votre disposition pour tous vos besoins et projets<\/span><\/div><\/div>[\/vc_column][\/vc_row]<\/p>\n","protected":false},"excerpt":{"rendered":"<p>[vc_row equal_height=\u00a0\u00bbyes\u00a0\u00bb css=\u00a0\u00bb.vc_custom_1464263823580{margin-bottom: 30px !important;}\u00a0\u00bb][vc_column width=\u00a0\u00bb1\/2&Prime;][vc_column_text] Notre mission est d\u2019offrir des prestations et produits de qualit\u00e9 et innovants mais tout en restant attach\u00e9 \u00e0 nos valeurs qui fondent notre identit\u00e9,&#8230;<\/p>\n","protected":false},"author":1,"featured_media":0,"parent":0,"menu_order":0,"comment_status":"closed","ping_status":"closed","template":"","meta":[],"_links":{"self":[{"href":"https:\/\/sia-sarl.com\/index.php\/wp-json\/wp\/v2\/pages\/1428"}],"collection":[{"href":"https:\/\/sia-sarl.com\/index.php\/wp-json\/wp\/v2\/pages"}],"about":[{"href":"https:\/\/sia-sarl.com\/index.php\/wp-json\/wp\/v2\/types\/page"}],"author":[{"embeddable":true,"href":"https:\/\/sia-sarl.com\/index.php\/wp-json\/wp\/v2\/users\/1"}],"replies":[{"embeddable":true,"href":"https:\/\/sia-sarl.com\/index.php\/wp-json\/wp\/v2\/comments?post=1428"}],"version-history":[{"count":26,"href":"https:\/\/sia-sarl.com\/index.php\/wp-json\/wp\/v2\/pages\/1428\/revisions"}],"predecessor-version":[{"id":3880,"href":"https:\/\/sia-sarl.com\/index.php\/wp-json\/wp\/v2\/pages\/1428\/revisions\/3880"}],"wp:attachment":[{"href":"https:\/\/sia-sarl.com\/index.php\/wp-json\/wp\/v2\/media?parent=1428"}],"curies":[{"name":"wp","href":"https:\/\/api.w.org\/{rel}","templated":true}]}}